{"id":4525,"date":"2022-01-24T14:26:39","date_gmt":"2022-01-24T13:26:39","guid":{"rendered":"https:\/\/backstagebeauty.ch\/?page_id=4525"},"modified":"2023-07-27T08:03:19","modified_gmt":"2023-07-27T06:03:19","slug":"preisliste-manicure-pedicure","status":"publish","type":"page","link":"https:\/\/backstagebeauty.ch\/en\/nagelstudio\/preisliste-manicure-pedicure\/","title":{"rendered":"Preisliste Manicure &#038; Pedicure"},"content":{"rendered":"<p>[vc_row el_class=&#8221;services_heading&#8221;][vc_column][vc_column_text el_class=&#8221;custom_heading_borderwith_out_double custom_heading_pragraph_new&#8221; css=&#8221;.vc_custom_1590671067188{padding-top: 0px !important;}&#8221;]<\/p>\n<h1><a href=\"https:\/\/www.terminland.de\/backstagebeauty\/\">IHREN TERMIN K\u00d6NNEN SIE JETZT AUCH GANZ EINFACH ONLINE BUCHEN. WIR FREUEN UNS AUF SIE!<\/a><\/h1>\n<p>[\/vc_column_text][vc_separator type=&#8221;small&#8221; color=&#8221;#dedede&#8221; transparency=&#8221;1&#8243; thickness=&#8221;2&#8243; width=&#8221;70&#8243; width_in_percentages=&#8221;yes&#8221; up=&#8221;30&#8243; down=&#8221;30&#8243; css=&#8221;.vc_custom_1587715417315{margin-top: 30px !important;margin-bottom: 30px !important;}&#8221;][\/vc_column][\/vc_row][vc_row el_class=&#8221;services_heading&#8221;][vc_column][vc_column_text css=&#8221;.vc_custom_1590671077033{padding-top: 20px !important;padding-bottom: 20px !important;}&#8221; el_class=&#8221;custom_heading_pragraph_new&#8221;]<\/p>\n<h5>PREISE MANICURE &amp; PEDICURE<\/h5>\n<p>[\/vc_column_text][vc_column_text css=&#8221;.vc_custom_1590671084922{padding-top: 20px !important;padding-bottom: 20px !important;}&#8221; el_class=&#8221;custom_heading_pragraph_new&#8221;]<\/p>\n<h5>PEDICURE<\/h5>\n<p>[\/vc_column_text][vc_column_text]<\/p>\n<table class=\"w3-table\">\n<tbody>\n<tr>\n<td class=\"leistung\">Klassik ohne Lack (45 Min.)<\/td>\n<td class=\"preise\">80 CHF<\/td>\n<\/tr>\n<tr>\n<td class=\"leistung\">Klassik mit OPI-Lack (1h 15 Min.)<\/td>\n<td class=\"preise\">90 CHF<\/td>\n<\/tr>\n<tr>\n<td class=\"leistung\">Klassik mit CND-Shellac (1h 15 Min.)<\/td>\n<td class=\"preise\">95 CHF<\/td>\n<\/tr>\n<tr>\n<td class=\"leistung\">Quick-Lack (30 Min.)<\/td>\n<td class=\"preise\">60 CHF<\/td>\n<\/tr>\n<tr>\n<td class=\"leistung\">Quick-Shellac (30 Min.)<\/td>\n<td class=\"preise\">70 CHF<\/td>\n<\/tr>\n<tr>\n<td class=\"leistung\">French-Style<\/td>\n<td class=\"preise\">10 CHF<\/td>\n<\/tr>\n<tr>\n<td class=\"leistung\">Shellac entfernen<\/td>\n<td class=\"preise\">20 CHF<\/td>\n<\/tr>\n<\/tbody>\n<\/table>\n<p>[\/vc_column_text][vc_column_text css=&#8221;.vc_custom_1588146626617{padding-top: 20px !important;padding-bottom: 20px !important;}&#8221;]<\/p>\n<p style=\"text-align: left; color: #000;\">Klassik-Service: Nagelhaut entfernen, N\u00e4gel feilen\/k\u00fcrzen, N\u00e4gel polieren, Finish mit Handcreme und Nagel\u00f6l<br \/>\nQuick-Service: Feilen + OPI-Lack \/ OPI-Shellac<br \/>\nShellac entfernen in Kombi 15 CHF<\/p>\n<p>[\/vc_column_text][vc_column_text css=&#8221;.vc_custom_1590671093968{padding-top: 20px !important;padding-bottom: 20px !important;}&#8221; el_class=&#8221;custom_heading_pragraph_new&#8221;]<\/p>\n<h5>HERREN<\/h5>\n<p>[\/vc_column_text][vc_column_text]<\/p>\n<table class=\"w3-table\">\n<tbody>\n<tr>\n<td class=\"leistung\">Achseln<\/td>\n<td class=\"preise\">25 CHF*<\/td>\n<\/tr>\n<tr>\n<td class=\"leistung\">Nacken<\/td>\n<td class=\"preise\">30 CHF*<\/td>\n<\/tr>\n<tr>\n<td class=\"leistung\">ganze Arme<\/td>\n<td class=\"preise\">65 CHF<\/td>\n<\/tr>\n<tr>\n<td class=\"leistung\">halbe Arme<\/td>\n<td class=\"preise\">50 CHF<\/td>\n<\/tr>\n<tr>\n<td class=\"leistung\">ganze Beine<\/td>\n<td class=\"preise\">110 CHF<\/td>\n<\/tr>\n<tr>\n<td class=\"leistung\">halbe Beine (inkl. Knie)<\/td>\n<td class=\"preise\">70 CHF<\/td>\n<\/tr>\n<tr>\n<td class=\"leistung\">Brazil<\/td>\n<td class=\"preise\">110 CHF<\/td>\n<\/tr>\n<tr>\n<td class=\"leistung\">Rio, Landingstrip<\/td>\n<td class=\"preise\">95 CHF*<\/td>\n<\/tr>\n<tr>\n<td class=\"leistung\">Intimzone ohne Pofalte<\/td>\n<td class=\"preise\">50 CHF*<\/td>\n<\/tr>\n<tr>\n<td class=\"leistung\">Intimzone mit Pofalte<\/td>\n<td class=\"preise\">60 CHF*<\/td>\n<\/tr>\n<tr>\n<td class=\"leistung\">Po ohne Pofalte<\/td>\n<td class=\"preise\">45 CHF<\/td>\n<\/tr>\n<tr>\n<td class=\"leistung\">Po mit Pofalte<\/td>\n<td class=\"preise\">55 CHF<\/td>\n<\/tr>\n<tr>\n<td class=\"leistung\">Brust<\/td>\n<td class=\"preise\">50 CHF<\/td>\n<\/tr>\n<tr>\n<td class=\"leistung\">Brust und Bauch<\/td>\n<td class=\"preise\">80 CHF*<\/td>\n<\/tr>\n<tr>\n<td class=\"leistung\">R\u00fccken inkl. Schultern<\/td>\n<td class=\"preise\">80 CHF*<\/td>\n<\/tr>\n<\/tbody>\n<\/table>\n<p>[\/vc_column_text][vc_column_text css=&#8221;.vc_custom_1588146696379{padding-top: 20px !important;padding-bottom: 20px !important;}&#8221;]<\/p>\n<p style=\"text-align: left; color: #000;\">Klassik-Service: Hornhaut entfernen, Nagelhaut entfernen, N\u00e4gel feilen\/k\u00fcrzen, N\u00e4gel polieren, Finish mit Fusscreme<br \/>\nQuick-Service: Feilen + OPI-Lack \/ OPI-Shellac<br \/>\nShellac entfernen in Kombi 15 CHF<\/p>\n<p>[\/vc_column_text][\/vc_column][\/vc_row]<\/p>\n","protected":false},"excerpt":{"rendered":"<p>[vc_row el_class=&#8221;services_heading&#8221;][vc_column][vc_column_text el_class=&#8221;custom_heading_borderwith_out_double custom_heading_pragraph_new&#8221; css=&#8221;.vc_custom_1590671067188{padding-top: 0px !important;}&#8221;] IHREN TERMIN K\u00d6NNEN SIE JETZT AUCH GANZ EINFACH ONLINE BUCHEN. WIR FREUEN UNS AUF SIE! [\/vc_column_text][vc_separator type=&#8221;small&#8221; color=&#8221;#dedede&#8221; transparency=&#8221;1&#8243; thickness=&#8221;2&#8243; width=&#8221;70&#8243; width_in_percentages=&#8221;yes&#8221; up=&#8221;30&#8243; down=&#8221;30&#8243; css=&#8221;.vc_custom_1587715417315{margin-top: 30px !important;margin-bottom: 30px !important;}&#8221;][\/vc_column][\/vc_row][vc_row el_class=&#8221;services_heading&#8221;][vc_column][vc_column_text css=&#8221;.vc_custom_1590671077033{padding-top: 20px !important;padding-bottom: 20px !important;}&#8221; el_class=&#8221;custom_heading_pragraph_new&#8221;] PREISE MANICURE&#8230;<\/p>\n","protected":false},"author":2,"featured_media":0,"parent":4517,"menu_order":0,"comment_status":"open","ping_status":"closed","template":"","meta":{"footnotes":""},"yoast_head":"<!-- This site is optimized with the Yoast SEO plugin v21.5 - https:\/\/yoast.com\/wordpress\/plugins\/seo\/ -->\n<title>Preisliste Manicure &amp; Pedicure - Kosmetikstudio in Z\u00fcrich | Backstage Beauty | Haarentfernung<\/title>\n<meta name=\"robots\" content=\"index, follow, max-snippet:-1, max-image-preview:large, max-video-preview:-1\" \/>\n<link rel=\"canonical\" href=\"https:\/\/backstagebeauty.ch\/en\/nagelstudio\/preisliste-manicure-pedicure\/\" \/>\n<meta property=\"og:locale\" content=\"en_US\" \/>\n<meta property=\"og:type\" content=\"article\" \/>\n<meta property=\"og:title\" content=\"Preisliste Manicure &amp; Pedicure - Kosmetikstudio in Z\u00fcrich | Backstage Beauty | Haarentfernung\" \/>\n<meta property=\"og:description\" content=\"[vc_row el_class=&#8221;services_heading&#8221;][vc_column][vc_column_text el_class=&#8221;custom_heading_borderwith_out_double custom_heading_pragraph_new&#8221; css=&#8221;.vc_custom_1590671067188{padding-top: 0px !important;}&#8221;] IHREN TERMIN K\u00d6NNEN SIE JETZT AUCH GANZ EINFACH ONLINE BUCHEN. WIR FREUEN UNS AUF SIE! [\/vc_column_text][vc_separator type=&#8221;small&#8221; color=&#8221;#dedede&#8221; transparency=&#8221;1&#8243; thickness=&#8221;2&#8243; width=&#8221;70&#8243; width_in_percentages=&#8221;yes&#8221; up=&#8221;30&#8243; down=&#8221;30&#8243; css=&#8221;.vc_custom_1587715417315{margin-top: 30px !important;margin-bottom: 30px !important;}&#8221;][\/vc_column][\/vc_row][vc_row el_class=&#8221;services_heading&#8221;][vc_column][vc_column_text css=&#8221;.vc_custom_1590671077033{padding-top: 20px !important;padding-bottom: 20px !important;}&#8221; el_class=&#8221;custom_heading_pragraph_new&#8221;] PREISE MANICURE...\" \/>\n<meta property=\"og:url\" content=\"https:\/\/backstagebeauty.ch\/en\/nagelstudio\/preisliste-manicure-pedicure\/\" \/>\n<meta property=\"og:site_name\" content=\"Kosmetikstudio in Z\u00fcrich | Backstage Beauty | Haarentfernung\" \/>\n<meta property=\"article:modified_time\" content=\"2023-07-27T06:03:19+00:00\" \/>\n<meta name=\"twitter:card\" content=\"summary_large_image\" \/>\n<meta name=\"twitter:label1\" content=\"Est. reading time\" \/>\n\t<meta name=\"twitter:data1\" content=\"2 minutes\" \/>\n<script type=\"application\/ld+json\" class=\"yoast-schema-graph\">{\"@context\":\"https:\/\/schema.org\",\"@graph\":[{\"@type\":\"WebPage\",\"@id\":\"https:\/\/backstagebeauty.ch\/en\/nagelstudio\/preisliste-manicure-pedicure\/\",\"url\":\"https:\/\/backstagebeauty.ch\/en\/nagelstudio\/preisliste-manicure-pedicure\/\",\"name\":\"Preisliste Manicure & Pedicure - Kosmetikstudio in Z\u00fcrich | Backstage Beauty | Haarentfernung\",\"isPartOf\":{\"@id\":\"https:\/\/backstagebeauty.ch\/#website\"},\"datePublished\":\"2022-01-24T13:26:39+00:00\",\"dateModified\":\"2023-07-27T06:03:19+00:00\",\"breadcrumb\":{\"@id\":\"https:\/\/backstagebeauty.ch\/en\/nagelstudio\/preisliste-manicure-pedicure\/#breadcrumb\"},\"inLanguage\":\"en-US\",\"potentialAction\":[{\"@type\":\"ReadAction\",\"target\":[\"https:\/\/backstagebeauty.ch\/en\/nagelstudio\/preisliste-manicure-pedicure\/\"]}]},{\"@type\":\"BreadcrumbList\",\"@id\":\"https:\/\/backstagebeauty.ch\/en\/nagelstudio\/preisliste-manicure-pedicure\/#breadcrumb\",\"itemListElement\":[{\"@type\":\"ListItem\",\"position\":1,\"name\":\"Startseite\",\"item\":\"https:\/\/backstagebeauty.ch\/en\/\"},{\"@type\":\"ListItem\",\"position\":2,\"name\":\"Nail Studio\",\"item\":\"https:\/\/backstagebeauty.ch\/en\/nagelstudio\/\"},{\"@type\":\"ListItem\",\"position\":3,\"name\":\"Preisliste Manicure &#038; Pedicure\"}]},{\"@type\":\"WebSite\",\"@id\":\"https:\/\/backstagebeauty.ch\/#website\",\"url\":\"https:\/\/backstagebeauty.ch\/\",\"name\":\"Kosmetikstudio in Z\u00fcrich | Backstage Beauty | Haarentfernung\",\"description\":\"Eine weitere WordPress-Website\",\"potentialAction\":[{\"@type\":\"SearchAction\",\"target\":{\"@type\":\"EntryPoint\",\"urlTemplate\":\"https:\/\/backstagebeauty.ch\/?s={search_term_string}\"},\"query-input\":\"required name=search_term_string\"}],\"inLanguage\":\"en-US\"}]}<\/script>\n<!-- \/ Yoast SEO plugin. -->","yoast_head_json":{"title":"Preisliste Manicure & Pedicure - Kosmetikstudio in Z\u00fcrich | Backstage Beauty | Haarentfernung","robots":{"index":"index","follow":"follow","max-snippet":"max-snippet:-1","max-image-preview":"max-image-preview:large","max-video-preview":"max-video-preview:-1"},"canonical":"https:\/\/backstagebeauty.ch\/en\/nagelstudio\/preisliste-manicure-pedicure\/","og_locale":"en_US","og_type":"article","og_title":"Preisliste Manicure & Pedicure - Kosmetikstudio in Z\u00fcrich | Backstage Beauty | Haarentfernung","og_description":"[vc_row el_class=&#8221;services_heading&#8221;][vc_column][vc_column_text el_class=&#8221;custom_heading_borderwith_out_double custom_heading_pragraph_new&#8221; css=&#8221;.vc_custom_1590671067188{padding-top: 0px !important;}&#8221;] IHREN TERMIN K\u00d6NNEN SIE JETZT AUCH GANZ EINFACH ONLINE BUCHEN. WIR FREUEN UNS AUF SIE! [\/vc_column_text][vc_separator type=&#8221;small&#8221; color=&#8221;#dedede&#8221; transparency=&#8221;1&#8243; thickness=&#8221;2&#8243; width=&#8221;70&#8243; width_in_percentages=&#8221;yes&#8221; up=&#8221;30&#8243; down=&#8221;30&#8243; css=&#8221;.vc_custom_1587715417315{margin-top: 30px !important;margin-bottom: 30px !important;}&#8221;][\/vc_column][\/vc_row][vc_row el_class=&#8221;services_heading&#8221;][vc_column][vc_column_text css=&#8221;.vc_custom_1590671077033{padding-top: 20px !important;padding-bottom: 20px !important;}&#8221; el_class=&#8221;custom_heading_pragraph_new&#8221;] PREISE MANICURE...","og_url":"https:\/\/backstagebeauty.ch\/en\/nagelstudio\/preisliste-manicure-pedicure\/","og_site_name":"Kosmetikstudio in Z\u00fcrich | Backstage Beauty | Haarentfernung","article_modified_time":"2023-07-27T06:03:19+00:00","twitter_card":"summary_large_image","twitter_misc":{"Est. reading time":"2 minutes"},"schema":{"@context":"https:\/\/schema.org","@graph":[{"@type":"WebPage","@id":"https:\/\/backstagebeauty.ch\/en\/nagelstudio\/preisliste-manicure-pedicure\/","url":"https:\/\/backstagebeauty.ch\/en\/nagelstudio\/preisliste-manicure-pedicure\/","name":"Preisliste Manicure & Pedicure - Kosmetikstudio in Z\u00fcrich | Backstage Beauty | Haarentfernung","isPartOf":{"@id":"https:\/\/backstagebeauty.ch\/#website"},"datePublished":"2022-01-24T13:26:39+00:00","dateModified":"2023-07-27T06:03:19+00:00","breadcrumb":{"@id":"https:\/\/backstagebeauty.ch\/en\/nagelstudio\/preisliste-manicure-pedicure\/#breadcrumb"},"inLanguage":"en-US","potentialAction":[{"@type":"ReadAction","target":["https:\/\/backstagebeauty.ch\/en\/nagelstudio\/preisliste-manicure-pedicure\/"]}]},{"@type":"BreadcrumbList","@id":"https:\/\/backstagebeauty.ch\/en\/nagelstudio\/preisliste-manicure-pedicure\/#breadcrumb","itemListElement":[{"@type":"ListItem","position":1,"name":"Startseite","item":"https:\/\/backstagebeauty.ch\/en\/"},{"@type":"ListItem","position":2,"name":"Nail Studio","item":"https:\/\/backstagebeauty.ch\/en\/nagelstudio\/"},{"@type":"ListItem","position":3,"name":"Preisliste Manicure &#038; Pedicure"}]},{"@type":"WebSite","@id":"https:\/\/backstagebeauty.ch\/#website","url":"https:\/\/backstagebeauty.ch\/","name":"Kosmetikstudio in Z\u00fcrich | Backstage Beauty | Haarentfernung","description":"Eine weitere WordPress-Website","potentialAction":[{"@type":"SearchAction","target":{"@type":"EntryPoint","urlTemplate":"https:\/\/backstagebeauty.ch\/?s={search_term_string}"},"query-input":"required name=search_term_string"}],"inLanguage":"en-US"}]}},"_links":{"self":[{"href":"https:\/\/backstagebeauty.ch\/en\/wp-json\/wp\/v2\/pages\/4525"}],"collection":[{"href":"https:\/\/backstagebeauty.ch\/en\/wp-json\/wp\/v2\/pages"}],"about":[{"href":"https:\/\/backstagebeauty.ch\/en\/wp-json\/wp\/v2\/types\/page"}],"author":[{"embeddable":true,"href":"https:\/\/backstagebeauty.ch\/en\/wp-json\/wp\/v2\/users\/2"}],"replies":[{"embeddable":true,"href":"https:\/\/backstagebeauty.ch\/en\/wp-json\/wp\/v2\/comments?post=4525"}],"version-history":[{"count":3,"href":"https:\/\/backstagebeauty.ch\/en\/wp-json\/wp\/v2\/pages\/4525\/revisions"}],"predecessor-version":[{"id":5911,"href":"https:\/\/backstagebeauty.ch\/en\/wp-json\/wp\/v2\/pages\/4525\/revisions\/5911"}],"up":[{"embeddable":true,"href":"https:\/\/backstagebeauty.ch\/en\/wp-json\/wp\/v2\/pages\/4517"}],"wp:attachment":[{"href":"https:\/\/backstagebeauty.ch\/en\/wp-json\/wp\/v2\/media?parent=4525"}],"curies":[{"name":"wp","href":"https:\/\/api.w.org\/{rel}","templated":true}]}}