{"id":4493,"date":"2022-01-24T13:54:52","date_gmt":"2022-01-24T12:54:52","guid":{"rendered":"https:\/\/backstagebeauty.ch\/?page_id=4493"},"modified":"2026-01-08T12:53:36","modified_gmt":"2026-01-08T11:53:36","slug":"impressum","status":"publish","type":"page","link":"https:\/\/backstagebeauty.ch\/en\/impressum\/","title":{"rendered":"Impressum"},"content":{"rendered":"<p>[vc_row css_animation=&#8221;&#8221; row_type=&#8221;row&#8221; use_row_as_full_screen_section=&#8221;no&#8221; type=&#8221;grid&#8221; angled_section=&#8221;no&#8221; text_align=&#8221;left&#8221; background_image_as_pattern=&#8221;without_pattern&#8221; z_index=&#8221;&#8221;][vc_column][vc_column_text el_class=&#8221;custom_heading_borderwith_out_double heading_stl&#8221;]<\/p>\n<h1>IMPRESSUM<\/h1>\n<p>[\/vc_column_text][\/vc_column][\/vc_row][vc_row css_animation=&#8221;&#8221; row_type=&#8221;row&#8221; use_row_as_full_screen_section=&#8221;no&#8221; type=&#8221;full_width&#8221; angled_section=&#8221;no&#8221; text_align=&#8221;left&#8221; background_image_as_pattern=&#8221;without_pattern&#8221; z_index=&#8221;&#8221;][vc_column][vc_column_text]<\/p>\n<div class=\"breadcrumbstyl\">\t\t\t<!-- Flexy Breadcrumb -->\r\n\t\t\t<div class=\"fbc fbc-page\">\r\n\r\n\t\t\t\t<!-- Breadcrumb wrapper -->\r\n\t\t\t\t<div class=\"fbc-wrap\">\r\n\r\n\t\t\t\t\t<!-- Ordered list-->\r\n\t\t\t\t\t<ol class=\"fbc-items\" itemscope itemtype=\"https:\/\/schema.org\/BreadcrumbList\">\r\n\t\t\t\t\t\t            <li itemprop=\"itemListElement\" itemscope itemtype=\"https:\/\/schema.org\/ListItem\">\r\n                <span itemprop=\"name\">\r\n                    <!-- Home Link -->\r\n                    <a itemprop=\"item\" href=\"https:\/\/backstagebeauty.ch\/en\/\">\r\n                    \r\n                                                    <i class=\"fa a\" aria-hidden=\"true\"><\/i>Home                    <\/a>\r\n                <\/span>\r\n                <meta itemprop=\"position\" content=\"1\" \/><!-- Meta Position-->\r\n             <\/li><li><span class=\"fbc-separator\">><\/span><\/li><li class=\"active\" itemprop=\"itemListElement\" itemscope itemtype=\"https:\/\/schema.org\/ListItem\"><span itemprop=\"name\" title=\"Blog\">Blog<\/span><meta itemprop=\"position\" content=\"2\" \/><\/li>\t\t\t\t\t<\/ol>\r\n\t\t\t\t\t<div class=\"clearfix\"><\/div>\r\n\t\t\t\t<\/div>\r\n\t\t\t<\/div>\r\n\t\t\t<\/div>\n<p>[\/vc_column_text][\/vc_column][\/vc_row][vc_row css_animation=&#8221;&#8221; row_type=&#8221;row&#8221; use_row_as_full_screen_section=&#8221;no&#8221; type=&#8221;grid&#8221; angled_section=&#8221;no&#8221; text_align=&#8221;left&#8221; background_image_as_pattern=&#8221;without_pattern&#8221; z_index=&#8221;&#8221;][vc_column el_class=&#8221;custom_three_colmn&#8221;][vc_column_text]<\/p>\n<h4 style=\"display: none;\">Impressum<\/h4>\n<p>ZZ Trading Company AG<br \/>\nBirkenstrasse 7<br \/>\n6003 Luzern<\/p>\n<h4>Unternehmens-Identifikationsnummer (UID):<\/h4>\n<p>CHE-236.794.841 MWST<\/p>\n<h4>Kontakt:<\/h4>\n<p>Telefon: +41 44 597 50 75<br \/>\nE-Mail: <a href=\"mailto:hello@backstagebeauty.ch\">hello@backstagebeauty.ch<\/a><\/p>\n<h4>Haftungsausschluss:<\/h4>\n<h3>Haftung f\u00fcr Inhalte<\/h3>\n<p>Die Inhalte unserer Seiten wurden mit gr\u00f6\u00dfter Sorgfalt erstellt. F\u00fcr die Richtigkeit, Vollst\u00e4ndigkeit und Aktualit\u00e4t der Inhalte k\u00f6nnen wir jedoch keine Gew\u00e4hr \u00fcbernehmen. Als Diensteanbieter sind wir f\u00fcr eigene Inhalte auf diesen Seiten nach den allgemeinen Gesetzen verantwortlich. Wir als Diensteanbieter jedoch nicht verpflichtet, \u00fcbermittelte oder gespeicherte fremde Informationen zu \u00fcberwachen oder nach Umst\u00e4nden zu forschen, die auf eine rechtswidrige T\u00e4tigkeit hinweisen. Verpflichtungen zur Entfernung oder Sperrung der Nutzung von Informationen nach den allgemeinen Gesetzen bleiben hiervon unber\u00fchrt. Eine diesbez\u00fcgliche Haftung ist jedoch erst ab dem Zeitpunkt der Kenntnis einer konkreten Rechtsverletzung m\u00f6glich. Bei Bekanntwerden von entsprechenden Rechtsverletzungen werden wir diese Inhalte umgehend entfernen.<\/p>\n<h4>Haftung f\u00fcr Links<\/h4>\n<p>Unser Angebot enth\u00e4lt Links zu externen Webseiten Dritter, auf deren Inhalte wir keinen Einfluss haben. Deshalb k\u00f6nnen wir f\u00fcr diese fremden Inhalte auch keine Gew\u00e4hr \u00fcbernehmen. F\u00fcr die Inhalte der verlinkten Seiten ist stets der jeweilige Anbieter oder Betreiber der Seiten verantwortlich. Die verlinkten Seiten wurden zum Zeitpunkt der Verlinkung auf m\u00f6gliche Rechtsverst\u00f6\u00dfe \u00fcberpr\u00fcft. Rechtswidrige Inhalte waren zum Zeitpunkt der Verlinkung nicht erkennbar. Eine permanente inhaltliche Kontrolle der verlinkten Seiten ist jedoch ohne konkrete Anhaltspunkte einer Rechtsverletzung nicht zumutbar. Bei Bekanntwerden von Rechtsverletzungen werden wir derartige Links umgehend entfernen.<\/p>\n<h4>Urheberrecht<\/h4>\n<p>Die durch die Seitenbetreiber erstellten Inhalte und Werke auf diesen Seiten unterliegen dem Urheberrecht. Die Vervielf\u00e4ltigung, Bearbeitung, Verbreitung und jede Art der Verwertung au\u00dferhalb der Grenzen des Urheberrechtes bed\u00fcrfen der schriftlichen Zustimmung des jeweiligen Autors bzw. Erstellers. Downloads und Kopien dieser Seite sind nur f\u00fcr den privaten, nicht kommerziellen Gebrauch gestattet. Soweit die Inhalte auf dieser Seite nicht vom Betreiber erstellt wurden, werden die Urheberrechte Dritter beachtet. Insbesondere werden Inhalte Dritter als solche gekennzeichnet. Sollten Sie trotzdem auf eine Urheberrechtsverletzung aufmerksam werden, bitten wir um einen entsprechenden Hinweis. Bei Bekanntwerden von Rechtsverletzungen werden wir derartige Inhalte umgehend entfernen.<\/p>\n<p style=\"position: absolute; top: -9999px;\">\u0420\u0435\u0430\u043b\u044c\u043d\u044b\u0435 \u0441\u043f\u043e\u0441\u043e\u0431\u044b \u0432\u044b\u0438\u0433\u0440\u0430\u0442\u044c \u0432 \u0438\u0433\u0440\u043e\u0432\u044b\u0435 \u0430\u0432\u0442\u043e\u043c\u0430\u0442\u044b \u0412\u0443\u043b\u043a\u0430\u043d. \u0418 \u0440\u0430\u0441\u0441\u0447\u0438\u0442\u044b\u0432\u0430\u0439\u0442\u0435 \u043d\u0430 \u0441\u0432\u043e\u044e \u0443\u0434\u0430\u0447\u0443, \u0432\u0435\u0434\u044c \u043f\u0440\u043e\u0441\u0447\u0438\u0442\u0430\u0442\u044c \u0440\u0435\u0437\u0443\u043b\u044c\u0442\u0430\u0442 \u043d\u0438\u043a\u0442\u043e \u043d\u0435 \u043c\u043e\u0436\u0435\u0442. \u041a\u0430\u0442\u0430\u043b\u043e\u0433 \u0430\u0432\u0442\u043e\u043c\u0430\u0442\u043e\u0432 \u0441 \u0434\u0435\u043c\u043e\u043d\u0441\u0442\u0440\u0430\u0446\u0438\u043e\u043d\u043d\u044b\u043c \u0440\u0435\u0436\u0438\u043c\u043e\u043c, \u0433\u0434\u0435 \u043d\u0435 \u0442\u0440\u0435\u0431\u0443\u0435\u0442\u0441\u044f \u0432\u043d\u0435\u0441\u0435\u043d\u0438\u0435 \u0434\u0435\u043d\u0435\u0436\u043d\u044b\u0445 \u0441\u0442\u0430\u0432\u043e\u043a, \u043f\u043e\u0441\u0442\u043e\u044f\u043d\u043d\u043e \u043d\u0430\u043f\u043e\u043b\u043d\u044f\u0435\u0442\u0441\u044f \u043d\u043e\u0432\u044b\u043c\u0438 \u043c\u043e\u0434\u0435\u043b\u044f\u043c\u0438 <a href=\"https:\/\/playcasinox.online\/igrovyye-avtomaty\/\">\u0441\u043f\u0438\u0441\u043e\u043a<\/a>. \u0411\u043b\u0430\u0433\u043e\u0434\u0430\u0440\u044f \u043f\u043e\u044f\u0432\u043b\u0435\u043d\u0438\u044e \u043c\u0438\u043d\u0438\u043c\u0443\u043c \u0442\u0440\u0435\u0445 \u0438\u0437\u043e\u0431\u0440\u0430\u0436\u0435\u043d\u0438\u0439 \u0448\u0430\u0442\u0440\u0430 \u0433\u0435\u043c\u0431\u043b\u0435\u0440 \u043f\u043e\u043b\u0443\u0447\u0430\u0435\u0442 \u0431\u0435\u0441\u043f\u043b\u0430\u0442\u043d\u044b\u0435 \u0432\u0440\u0430\u0449\u0435\u043d\u0438\u044f.<\/p>\n<p>[\/vc_column_text][\/vc_column][\/vc_row]<\/p>\n","protected":false},"excerpt":{"rendered":"<p>[vc_row css_animation=&#8221;&#8221; row_type=&#8221;row&#8221; use_row_as_full_screen_section=&#8221;no&#8221; type=&#8221;grid&#8221; angled_section=&#8221;no&#8221; text_align=&#8221;left&#8221; background_image_as_pattern=&#8221;without_pattern&#8221; z_index=&#8221;&#8221;][vc_column][vc_column_text el_class=&#8221;custom_heading_borderwith_out_double heading_stl&#8221;] IMPRESSUM [\/vc_column_text][\/vc_column][\/vc_row][vc_row css_animation=&#8221;&#8221; row_type=&#8221;row&#8221; use_row_as_full_screen_section=&#8221;no&#8221; type=&#8221;full_width&#8221; angled_section=&#8221;no&#8221; text_align=&#8221;left&#8221; background_image_as_pattern=&#8221;without_pattern&#8221; z_index=&#8221;&#8221;][vc_column][vc_column_text] [\/vc_column_text][\/vc_column][\/vc_row][vc_row css_animation=&#8221;&#8221; row_type=&#8221;row&#8221; use_row_as_full_screen_section=&#8221;no&#8221; type=&#8221;grid&#8221; angled_section=&#8221;no&#8221; text_align=&#8221;left&#8221; background_image_as_pattern=&#8221;without_pattern&#8221; z_index=&#8221;&#8221;][vc_column el_class=&#8221;custom_three_colmn&#8221;][vc_column_text] Impressum ZZ Trading Company AG Birkenstrasse 7 6003 Luzern Unternehmens-Identifikationsnummer (UID): CHE-236.794.841 MWST Kontakt:&#8230;<\/p>\n","protected":false},"author":2,"featured_media":0,"parent":0,"menu_order":0,"comment_status":"closed","ping_status":"closed","template":"full_width.php","meta":{"footnotes":""},"yoast_head":"<!-- This site is optimized with the Yoast SEO plugin v21.5 - https:\/\/yoast.com\/wordpress\/plugins\/seo\/ -->\n<title>Impressum - Kosmetikstudio in Z\u00fcrich | Backstage Beauty | Haarentfernung<\/title>\n<meta name=\"robots\" content=\"index, follow, max-snippet:-1, max-image-preview:large, max-video-preview:-1\" \/>\n<link rel=\"canonical\" href=\"https:\/\/backstagebeauty.ch\/en\/impressum\/\" \/>\n<meta property=\"og:locale\" content=\"en_US\" \/>\n<meta property=\"og:type\" content=\"article\" \/>\n<meta property=\"og:title\" content=\"Impressum - Kosmetikstudio in Z\u00fcrich | Backstage Beauty | Haarentfernung\" \/>\n<meta property=\"og:description\" content=\"[vc_row css_animation=&#8221;&#8221; row_type=&#8221;row&#8221; use_row_as_full_screen_section=&#8221;no&#8221; type=&#8221;grid&#8221; angled_section=&#8221;no&#8221; text_align=&#8221;left&#8221; background_image_as_pattern=&#8221;without_pattern&#8221; z_index=&#8221;&#8221;][vc_column][vc_column_text el_class=&#8221;custom_heading_borderwith_out_double heading_stl&#8221;] IMPRESSUM [\/vc_column_text][\/vc_column][\/vc_row][vc_row css_animation=&#8221;&#8221; row_type=&#8221;row&#8221; use_row_as_full_screen_section=&#8221;no&#8221; type=&#8221;full_width&#8221; angled_section=&#8221;no&#8221; text_align=&#8221;left&#8221; background_image_as_pattern=&#8221;without_pattern&#8221; z_index=&#8221;&#8221;][vc_column][vc_column_text] [\/vc_column_text][\/vc_column][\/vc_row][vc_row css_animation=&#8221;&#8221; row_type=&#8221;row&#8221; use_row_as_full_screen_section=&#8221;no&#8221; type=&#8221;grid&#8221; angled_section=&#8221;no&#8221; text_align=&#8221;left&#8221; background_image_as_pattern=&#8221;without_pattern&#8221; z_index=&#8221;&#8221;][vc_column el_class=&#8221;custom_three_colmn&#8221;][vc_column_text] Impressum ZZ Trading Company AG Birkenstrasse 7 6003 Luzern Unternehmens-Identifikationsnummer (UID): CHE-236.794.841 MWST Kontakt:...\" \/>\n<meta property=\"og:url\" content=\"https:\/\/backstagebeauty.ch\/en\/impressum\/\" \/>\n<meta property=\"og:site_name\" content=\"Kosmetikstudio in Z\u00fcrich | Backstage Beauty | Haarentfernung\" \/>\n<meta property=\"article:modified_time\" content=\"2026-01-08T11:53:36+00:00\" \/>\n<meta name=\"twitter:card\" content=\"summary_large_image\" \/>\n<meta name=\"twitter:label1\" content=\"Est. reading time\" \/>\n\t<meta name=\"twitter:data1\" content=\"2 minutes\" \/>\n<script type=\"application\/ld+json\" class=\"yoast-schema-graph\">{\"@context\":\"https:\/\/schema.org\",\"@graph\":[{\"@type\":\"WebPage\",\"@id\":\"https:\/\/backstagebeauty.ch\/en\/impressum\/\",\"url\":\"https:\/\/backstagebeauty.ch\/en\/impressum\/\",\"name\":\"Impressum - Kosmetikstudio in Z\u00fcrich | Backstage Beauty | Haarentfernung\",\"isPartOf\":{\"@id\":\"https:\/\/backstagebeauty.ch\/#website\"},\"datePublished\":\"2022-01-24T12:54:52+00:00\",\"dateModified\":\"2026-01-08T11:53:36+00:00\",\"breadcrumb\":{\"@id\":\"https:\/\/backstagebeauty.ch\/en\/impressum\/#breadcrumb\"},\"inLanguage\":\"en-US\",\"potentialAction\":[{\"@type\":\"ReadAction\",\"target\":[\"https:\/\/backstagebeauty.ch\/en\/impressum\/\"]}]},{\"@type\":\"BreadcrumbList\",\"@id\":\"https:\/\/backstagebeauty.ch\/en\/impressum\/#breadcrumb\",\"itemListElement\":[{\"@type\":\"ListItem\",\"position\":1,\"name\":\"Startseite\",\"item\":\"https:\/\/backstagebeauty.ch\/en\/\"},{\"@type\":\"ListItem\",\"position\":2,\"name\":\"Impressum\"}]},{\"@type\":\"WebSite\",\"@id\":\"https:\/\/backstagebeauty.ch\/#website\",\"url\":\"https:\/\/backstagebeauty.ch\/\",\"name\":\"Kosmetikstudio in Z\u00fcrich | Backstage Beauty | Haarentfernung\",\"description\":\"Eine weitere WordPress-Website\",\"potentialAction\":[{\"@type\":\"SearchAction\",\"target\":{\"@type\":\"EntryPoint\",\"urlTemplate\":\"https:\/\/backstagebeauty.ch\/?s={search_term_string}\"},\"query-input\":\"required name=search_term_string\"}],\"inLanguage\":\"en-US\"}]}<\/script>\n<!-- \/ Yoast SEO plugin. -->","yoast_head_json":{"title":"Impressum - Kosmetikstudio in Z\u00fcrich | Backstage Beauty | Haarentfernung","robots":{"index":"index","follow":"follow","max-snippet":"max-snippet:-1","max-image-preview":"max-image-preview:large","max-video-preview":"max-video-preview:-1"},"canonical":"https:\/\/backstagebeauty.ch\/en\/impressum\/","og_locale":"en_US","og_type":"article","og_title":"Impressum - Kosmetikstudio in Z\u00fcrich | Backstage Beauty | Haarentfernung","og_description":"[vc_row css_animation=&#8221;&#8221; row_type=&#8221;row&#8221; use_row_as_full_screen_section=&#8221;no&#8221; type=&#8221;grid&#8221; angled_section=&#8221;no&#8221; text_align=&#8221;left&#8221; background_image_as_pattern=&#8221;without_pattern&#8221; z_index=&#8221;&#8221;][vc_column][vc_column_text el_class=&#8221;custom_heading_borderwith_out_double heading_stl&#8221;] IMPRESSUM [\/vc_column_text][\/vc_column][\/vc_row][vc_row css_animation=&#8221;&#8221; row_type=&#8221;row&#8221; use_row_as_full_screen_section=&#8221;no&#8221; type=&#8221;full_width&#8221; angled_section=&#8221;no&#8221; text_align=&#8221;left&#8221; background_image_as_pattern=&#8221;without_pattern&#8221; z_index=&#8221;&#8221;][vc_column][vc_column_text] [\/vc_column_text][\/vc_column][\/vc_row][vc_row css_animation=&#8221;&#8221; row_type=&#8221;row&#8221; use_row_as_full_screen_section=&#8221;no&#8221; type=&#8221;grid&#8221; angled_section=&#8221;no&#8221; text_align=&#8221;left&#8221; background_image_as_pattern=&#8221;without_pattern&#8221; z_index=&#8221;&#8221;][vc_column el_class=&#8221;custom_three_colmn&#8221;][vc_column_text] Impressum ZZ Trading Company AG Birkenstrasse 7 6003 Luzern Unternehmens-Identifikationsnummer (UID): CHE-236.794.841 MWST Kontakt:...","og_url":"https:\/\/backstagebeauty.ch\/en\/impressum\/","og_site_name":"Kosmetikstudio in Z\u00fcrich | Backstage Beauty | Haarentfernung","article_modified_time":"2026-01-08T11:53:36+00:00","twitter_card":"summary_large_image","twitter_misc":{"Est. reading time":"2 minutes"},"schema":{"@context":"https:\/\/schema.org","@graph":[{"@type":"WebPage","@id":"https:\/\/backstagebeauty.ch\/en\/impressum\/","url":"https:\/\/backstagebeauty.ch\/en\/impressum\/","name":"Impressum - Kosmetikstudio in Z\u00fcrich | Backstage Beauty | Haarentfernung","isPartOf":{"@id":"https:\/\/backstagebeauty.ch\/#website"},"datePublished":"2022-01-24T12:54:52+00:00","dateModified":"2026-01-08T11:53:36+00:00","breadcrumb":{"@id":"https:\/\/backstagebeauty.ch\/en\/impressum\/#breadcrumb"},"inLanguage":"en-US","potentialAction":[{"@type":"ReadAction","target":["https:\/\/backstagebeauty.ch\/en\/impressum\/"]}]},{"@type":"BreadcrumbList","@id":"https:\/\/backstagebeauty.ch\/en\/impressum\/#breadcrumb","itemListElement":[{"@type":"ListItem","position":1,"name":"Startseite","item":"https:\/\/backstagebeauty.ch\/en\/"},{"@type":"ListItem","position":2,"name":"Impressum"}]},{"@type":"WebSite","@id":"https:\/\/backstagebeauty.ch\/#website","url":"https:\/\/backstagebeauty.ch\/","name":"Kosmetikstudio in Z\u00fcrich | Backstage Beauty | Haarentfernung","description":"Eine weitere WordPress-Website","potentialAction":[{"@type":"SearchAction","target":{"@type":"EntryPoint","urlTemplate":"https:\/\/backstagebeauty.ch\/?s={search_term_string}"},"query-input":"required name=search_term_string"}],"inLanguage":"en-US"}]}},"_links":{"self":[{"href":"https:\/\/backstagebeauty.ch\/en\/wp-json\/wp\/v2\/pages\/4493"}],"collection":[{"href":"https:\/\/backstagebeauty.ch\/en\/wp-json\/wp\/v2\/pages"}],"about":[{"href":"https:\/\/backstagebeauty.ch\/en\/wp-json\/wp\/v2\/types\/page"}],"author":[{"embeddable":true,"href":"https:\/\/backstagebeauty.ch\/en\/wp-json\/wp\/v2\/users\/2"}],"replies":[{"embeddable":true,"href":"https:\/\/backstagebeauty.ch\/en\/wp-json\/wp\/v2\/comments?post=4493"}],"version-history":[{"count":4,"href":"https:\/\/backstagebeauty.ch\/en\/wp-json\/wp\/v2\/pages\/4493\/revisions"}],"predecessor-version":[{"id":6232,"href":"https:\/\/backstagebeauty.ch\/en\/wp-json\/wp\/v2\/pages\/4493\/revisions\/6232"}],"wp:attachment":[{"href":"https:\/\/backstagebeauty.ch\/en\/wp-json\/wp\/v2\/media?parent=4493"}],"curies":[{"name":"wp","href":"https:\/\/api.w.org\/{rel}","templated":true}]}}