{"id":4484,"date":"2022-01-24T13:47:33","date_gmt":"2022-01-24T12:47:33","guid":{"rendered":"https:\/\/backstagebeauty.ch\/?page_id=4484"},"modified":"2022-01-24T13:47:33","modified_gmt":"2022-01-24T12:47:33","slug":"sugaring-haarentfernung-in-zuerich","status":"publish","type":"page","link":"https:\/\/backstagebeauty.ch\/en\/haarentfernung-zuerich\/sugaring-haarentfernung-in-zuerich\/","title":{"rendered":"Sugaring \u2013 Haarentfernung in Z\u00fcrich"},"content":{"rendered":"<p>[vc_row el_class=&#8221;services_heading&#8221;][vc_column][vc_column_text el_class=&#8221;custom_heading_borderwith_out_double custom_heading_pragraph_new&#8221; css=&#8221;.vc_custom_1590665544152{padding-top: 0px !important;}&#8221;]<\/p>\n<h1><a href=\"https:\/\/www.terminland.de\/backstagebeauty\/\">IHREN TERMIN K\u00d6NNEN SIE JETZT AUCH GANZ EINFACH ONLINE BUCHEN. WIR FREUEN UNS AUF SIE!<\/a><\/h1>\n<p>[\/vc_column_text][vc_column_text css=&#8221;.vc_custom_1590665553886{padding-top: 20px !important;padding-bottom: 20px !important;}&#8221; el_class=&#8221;custom_heading_pragraph_new&#8221;]<\/p>\n<h5>SUGARING \u2013 HAARENTFERNUNG IN Z\u00dcRICH<\/h5>\n<p>[\/vc_column_text][vc_column_text css=&#8221;.vc_custom_1590665563583{padding-top: 20px !important;padding-bottom: 20px !important;}&#8221; el_class=&#8221;custom_heading_pragraph_new&#8221;]<\/p>\n<p>Sugaring ist eine Haarentfernungstechnik, die wir bei Backstage Beauty in Z\u00fcrich benutzen, bei der eine nat\u00fcrliche Paste zum Abziehen von K\u00f6rperhaaren verwendet wird. Die Paste besteht nur aus drei Zutaten: Zitrone, Zucker und Wasser. Das war\u20191s! Es sind keine Zusatzstoffe oder Stoffstreifen enthalten, was es zu einer nat\u00fcrlichen Alternative und einer umweltbewussteren Alternative zu herk\u00f6mmlichem Wachs macht. Sugaring wird seit Jahrhunderten zur Haarentfernung verwendet und hat Wurzeln in alten \u00e4gyptischen und nah\u00f6stlichen Kulturen.<\/p>\n<p>[\/vc_column_text][vc_column_text css=&#8221;.vc_custom_1590665572946{padding-top: 20px !important;padding-bottom: 20px !important;}&#8221; el_class=&#8221;custom_heading_pragraph_new&#8221;]<\/p>\n<h5>N\u00dcTZLICHE HINWEISE RUND UM DIE HAARENTFERNUNG<\/h5>\n<p>[\/vc_column_text][vc_column_text css=&#8221;.vc_custom_1590665582102{padding-top: 20px !important;padding-bottom: 20px !important;}&#8221; el_class=&#8221;custom_heading_pragraph_new&#8221;]<\/p>\n<p>Bei der Haarentfernung mit der Zuckergel-Technik k\u00f6nnen auch sehr kurze Haare entfernt werden. Es geht jedoch einfacher und schneller, wenn die Haare etwas l\u00e4nger sind. Optimal sind circa 5 mm bis 1 cm. Erfahrungsgem\u00e4\u00df sollte die Haut 10 bis 14 Tage vor dem Termin nicht mehr epiliert oder rasiert werden. Auch die g\u00e4ngigen anderen Haarentfernungsmethoden scheiden f\u00fcr diesen Zeitraum aus, um eine gewisse Mindestl\u00e4nge der Haare zu erreichen.<\/p>\n<p>[\/vc_column_text][vc_column_text css=&#8221;.vc_custom_1590665590434{padding-top: 20px !important;padding-bottom: 20px !important;}&#8221; el_class=&#8221;custom_heading_pragraph_new&#8221;]<\/p>\n<h5>WICHTIGE TIPPS VOR DER HAARENTFERNUNG<\/h5>\n<p>[\/vc_column_text][vc_column_text css=&#8221;.vc_custom_1590665608250{padding-top: 20px !important;padding-bottom: 20px !important;}&#8221; el_class=&#8221;custom_heading_pragraph_new&#8221;]<\/p>\n<p>Bei Backstage Beauty in Z\u00fcrich wird auf Folgendes beim Sugaring geachtet: Vor einer Haarentfernung sollte man auf die Benutzung von Bodylotions und anderer cremiger und \u00f6liger Produkte vollst\u00e4ndig verzichten. Denn die Haut muss nicht nur sauber, sondern auch v\u00f6llig fettfrei sein. Das ist wichtig, denn um so fettfreier die Haut und die H\u00e4rchen sind, um so besser kann das Zuckergel an den Haaren haften.<\/p>\n<p>Das Solarium ist Tage vor der Behandlung mit dem Zuckergel ebenfalls tabu. Und auch den hei\u00dfgeliebten Sonnenstrahlen sollte man sich kurz vor dem Sugaring nicht aussetzen, um Schwei\u00df in den Poren zu vermeiden.<\/p>\n<p>Wird vor, w\u00e4hrend oder nach einer Zuckergel-Enthaarung Kortison verwendet, muss unbedingt mit dem Arzt gekl\u00e4rt werden, ob dies kontraindikativ ist, da Kortison die Haut empfindlich und d\u00fcnner werden l\u00e4sst..<\/p>\n<p>[\/vc_column_text][vc_column_text css=&#8221;.vc_custom_1590665618025{padding-top: 20px !important;padding-bottom: 20px !important;}&#8221; el_class=&#8221;custom_heading_pragraph_new&#8221;]<\/p>\n<h5>WICHTIGE TIPPS NACH DER HAARENTFERNUNG<\/h5>\n<p>[\/vc_column_text][vc_column_text css=&#8221;.vc_custom_1590665627493{padding-top: 20px !important;padding-bottom: 20px !important;}&#8221; el_class=&#8221;custom_heading_pragraph_new&#8221;]<\/p>\n<p>Nach der Haarentfernung gilt das 24-Stunden-Prinzip: Man sollte in dieser Zeit weder Deos mit Aluminiumanteilen, Cremes, Lotions oder \u00f6lhaltige Dusch- und Badezus\u00e4tze verwenden. Auch jede sportliche T\u00e4tigkeit muss f\u00fcr einen Tag ruhen.<\/p>\n<p>[\/vc_column_text][vc_column_text css=&#8221;.vc_custom_1590665671517{padding-top: 20px !important;padding-bottom: 20px !important;}&#8221; el_class=&#8221;custom_heading_pragraph_new&#8221;]<\/p>\n<h5>RICHTIGE PFLEGE ZWISCHEN DEN HAARENTFERNUNGEN<\/h5>\n<p>[\/vc_column_text][vc_column_text css=&#8221;.vc_custom_1590665667558{padding-top: 20px !important;padding-bottom: 20px !important;}&#8221; el_class=&#8221;custom_heading_pragraph_new&#8221;]Ab dem dritten Tag nach der Zuckergel-Haarentfernung k\u00f6nnen die enthaarten Hautpartien ein- bis zweimal pro Woche gepeelt werden. Auf diese Weise werden eingewachsenen H\u00e4rchen von den Hautsch\u00fcppchen gel\u00f6st und die Haut wird bis zum n\u00e4chsten Termin optimal gepflegt. Das Peeling sollte mit einem hundertprozentig nat\u00fcrlichen Peeling-Handschuh durchgef\u00fchrt werden, da synthetische Peeling-Handschuhe die Haut reizen k\u00f6nnten und nicht so feinporig sind wie die nat\u00fcrlichen.<\/p>\n<p>&nbsp;<\/p>\n<p>Hundertprozentig nat\u00fcrliche Peeling-Handschuhe sind auch bei Backstage Beauty erh\u00e4ltlich. Das beste Resultat erzielen Sie, wenn das Peeling in der Badewanne (ca. 10 Minuten einweichen) erfolgt. Da einem aber manchmal die Zeit und\/oder die Badewanne fehlen, kann die Haut auch w\u00e4hrend l\u00e4ngeren Duschens effektiv mit dem Peeling-Handschuh gerubbelt werden.<\/p>\n<p>Zus\u00e4tzlich k\u00f6nnen auch Salzpeelings verwendet werden, da Salz die Haut optimal regeneriert und pflegt. Au\u00dferdem ist es einfach das nat\u00fcrlichste Mittel, um die Hautsch\u00fcppchen zu entfernen. Wenn Sie gerne das Sugaring ausprobieren m\u00f6chten, k\u00f6nnen Sie gerne uns f\u00fcr einen Termin in Z\u00fcrich kontaktieren.[\/vc_column_text][vc_separator type=&#8221;small&#8221; color=&#8221;#dedede&#8221; transparency=&#8221;1&#8243; thickness=&#8221;2&#8243; width=&#8221;70&#8243; width_in_percentages=&#8221;yes&#8221; up=&#8221;30&#8243; down=&#8221;30&#8243; css=&#8221;.vc_custom_1587715417315{margin-top: 30px !important;margin-bottom: 30px !important;}&#8221;][\/vc_column][\/vc_row][vc_row el_class=&#8221;services_heading&#8221;][vc_column][vc_column_text css=&#8221;.vc_custom_1590665663360{padding-top: 20px !important;padding-bottom: 20px !important;}&#8221; el_class=&#8221;custom_heading_pragraph_new&#8221;]<\/p>\n<h5>PREISE SUGARING<\/h5>\n<p>[\/vc_column_text][vc_column_text css=&#8221;.vc_custom_1590665681097{padding-top: 20px !important;padding-bottom: 20px !important;}&#8221; el_class=&#8221;custom_heading_pragraph_new&#8221;]<\/p>\n<p>Alle gekennzeichneten(*) Preise h\u00e4ngen von dem Arbeitsaufwand ab und k\u00f6nnten mit einem Aufpreis verrechnet werden.<\/p>\n<p>[\/vc_column_text][vc_column_text css=&#8221;.vc_custom_1590665690452{padding-top: 20px !important;padding-bottom: 20px !important;}&#8221; el_class=&#8221;custom_heading_pragraph_new&#8221;]<\/p>\n<h5>DAMEN<\/h5>\n<p>[\/vc_column_text][vc_column_text]<\/p>\n<table class=\"w3-table\">\n<tbody>\n<tr>\n<td class=\"leistung\">Oberlippe<\/td>\n<td class=\"preise\">20 CHF<\/td>\n<\/tr>\n<tr>\n<td class=\"leistung\">Kinn<\/td>\n<td class=\"preise\">20 CHF<\/td>\n<\/tr>\n<tr>\n<td class=\"leistung\">Wangen<\/td>\n<td class=\"preise\">25 CHF<\/td>\n<\/tr>\n<tr>\n<td class=\"leistung\">Nacken<\/td>\n<td class=\"preise\">25 CHF*<\/td>\n<\/tr>\n<tr>\n<td class=\"leistung\">Achseln<\/td>\n<td class=\"preise\">20 CHF*<\/td>\n<\/tr>\n<tr>\n<td class=\"leistung\">ganze Arme<\/td>\n<td class=\"preise\">55 CHF<\/td>\n<\/tr>\n<tr>\n<td class=\"leistung\">halbe Arme<\/td>\n<td class=\"preise\">40 CHF*<\/td>\n<\/tr>\n<tr>\n<td class=\"leistung\">ganze Beine<\/td>\n<td class=\"preise\">95 CHF*<\/td>\n<\/tr>\n<tr>\n<td class=\"leistung\">halbe Beine (inkl. Knie)<\/td>\n<td class=\"preise\">60 CHF<\/td>\n<\/tr>\n<tr>\n<td class=\"leistung\">Brazil<\/td>\n<td class=\"preise\">80 CHF*<\/td>\n<\/tr>\n<tr>\n<td class=\"leistung\">Rio, Landingstrip<\/td>\n<td class=\"preise\">65 CHF*<\/td>\n<\/tr>\n<tr>\n<td class=\"leistung\">Bikini ohne Pofalte<\/td>\n<td class=\"preise\">40 CHF*<\/td>\n<\/tr>\n<tr>\n<td class=\"leistung\">Bikini mit Pofalte<\/td>\n<td class=\"preise\">50 CHF*<\/td>\n<\/tr>\n<\/tbody>\n<\/table>\n<p>[\/vc_column_text][vc_column_text css=&#8221;.vc_custom_1590665699372{padding-top: 20px !important;padding-bottom: 20px !important;}&#8221; el_class=&#8221;custom_heading_pragraph_new&#8221;]<\/p>\n<h5>HERREN<\/h5>\n<p>[\/vc_column_text][vc_column_text]<\/p>\n<table class=\"w3-table\">\n<tbody>\n<tr>\n<td class=\"leistung\">Achseln<\/td>\n<td class=\"preise\">25 CHF*<\/td>\n<\/tr>\n<tr>\n<td class=\"leistung\">Nacken<\/td>\n<td class=\"preise\">30 CHF*<\/td>\n<\/tr>\n<tr>\n<td class=\"leistung\">ganze Arme<\/td>\n<td class=\"preise\">65 CHF<\/td>\n<\/tr>\n<tr>\n<td class=\"leistung\">halbe Arme<\/td>\n<td class=\"preise\">50 CHF<\/td>\n<\/tr>\n<tr>\n<td class=\"leistung\">ganze Beine<\/td>\n<td class=\"preise\">110 CHF<\/td>\n<\/tr>\n<tr>\n<td class=\"leistung\">halbe Beine (inkl. Knie)<\/td>\n<td class=\"preise\">70 CHF<\/td>\n<\/tr>\n<tr>\n<td class=\"leistung\">Brazil<\/td>\n<td class=\"preise\">110 CHF<\/td>\n<\/tr>\n<tr>\n<td class=\"leistung\">Rio, Landingstrip<\/td>\n<td class=\"preise\">95 CHF*<\/td>\n<\/tr>\n<tr>\n<td class=\"leistung\">Intimzone ohne Pofalte<\/td>\n<td class=\"preise\">50 CHF*<\/td>\n<\/tr>\n<tr>\n<td class=\"leistung\">Intimzone mit Pofalte<\/td>\n<td class=\"preise\">60 CHF*<\/td>\n<\/tr>\n<tr>\n<td class=\"leistung\">Po ohne Pofalte<\/td>\n<td class=\"preise\">45 CHF<\/td>\n<\/tr>\n<tr>\n<td class=\"leistung\">Po mit Pofalte<\/td>\n<td class=\"preise\">55 CHF<\/td>\n<\/tr>\n<tr>\n<td class=\"leistung\">Brust<\/td>\n<td class=\"preise\">50 CHF<\/td>\n<\/tr>\n<tr>\n<td class=\"leistung\">Brust und Bauch<\/td>\n<td class=\"preise\">80 CHF*<\/td>\n<\/tr>\n<tr>\n<td class=\"leistung\">R\u00fccken inkl. Schultern<\/td>\n<td class=\"preise\">80 CHF*<\/td>\n<\/tr>\n<\/tbody>\n<\/table>\n<p>[\/vc_column_text][vc_column_text css=&#8221;.vc_custom_1590665708489{padding-top: 20px !important;padding-bottom: 20px !important;}&#8221; el_class=&#8221;custom_heading_pragraph_new&#8221;]<\/p>\n<h5>SONSTIGES<\/h5>\n<p>[\/vc_column_text][vc_column_text]<\/p>\n<table class=\"w3-table\">\n<tbody>\n<tr>\n<td class=\"leistung\">Ohrenhaare<\/td>\n<td class=\"preise\">25 CHF<\/td>\n<\/tr>\n<tr>\n<td class=\"leistung\">Nasenhaare<\/td>\n<td class=\"preise\">25 CHF<\/td>\n<\/tr>\n<tr>\n<td class=\"leistung\">Augenbrauen zupfen\/zuckern<\/td>\n<td class=\"preise\">25 CHF*<\/td>\n<\/tr>\n<tr>\n<td class=\"leistung\">Augenbrauen f\u00e4rben<\/td>\n<td class=\"preise\">30 CHF<\/td>\n<\/tr>\n<tr>\n<td class=\"leistung\">Augenbrauen zupfen &amp; f\u00e4rben<\/td>\n<td class=\"preise\">45 CHF<\/td>\n<\/tr>\n<tr>\n<td class=\"leistung\">Wimpern f\u00e4rben<\/td>\n<td class=\"preise\">35 CHF<\/td>\n<\/tr>\n<\/tbody>\n<\/table>\n<p>[\/vc_column_text][\/vc_column][\/vc_row]<\/p>\n","protected":false},"excerpt":{"rendered":"<p>[vc_row el_class=&#8221;services_heading&#8221;][vc_column][vc_column_text el_class=&#8221;custom_heading_borderwith_out_double custom_heading_pragraph_new&#8221; css=&#8221;.vc_custom_1590665544152{padding-top: 0px !important;}&#8221;] IHREN TERMIN K\u00d6NNEN SIE JETZT AUCH GANZ EINFACH ONLINE BUCHEN. WIR FREUEN UNS AUF SIE! [\/vc_column_text][vc_column_text css=&#8221;.vc_custom_1590665553886{padding-top: 20px !important;padding-bottom: 20px !important;}&#8221; el_class=&#8221;custom_heading_pragraph_new&#8221;] SUGARING \u2013 HAARENTFERNUNG IN Z\u00dcRICH [\/vc_column_text][vc_column_text css=&#8221;.vc_custom_1590665563583{padding-top: 20px !important;padding-bottom: 20px !important;}&#8221; el_class=&#8221;custom_heading_pragraph_new&#8221;] Sugaring ist eine Haarentfernungstechnik,&#8230;<\/p>\n","protected":false},"author":2,"featured_media":0,"parent":4472,"menu_order":0,"comment_status":"open","ping_status":"closed","template":"","meta":{"footnotes":""},"yoast_head":"<!-- This site is optimized with the Yoast SEO plugin v21.5 - https:\/\/yoast.com\/wordpress\/plugins\/seo\/ -->\n<title>Sugaring \u2013 Haarentfernung in Z\u00fcrich - Kosmetikstudio in Z\u00fcrich | Backstage Beauty | Haarentfernung<\/title>\n<meta name=\"robots\" content=\"index, follow, max-snippet:-1, max-image-preview:large, max-video-preview:-1\" \/>\n<link rel=\"canonical\" href=\"https:\/\/backstagebeauty.ch\/en\/haarentfernung-zuerich\/sugaring-haarentfernung-in-zuerich\/\" \/>\n<meta property=\"og:locale\" content=\"en_US\" \/>\n<meta property=\"og:type\" content=\"article\" \/>\n<meta property=\"og:title\" content=\"Sugaring \u2013 Haarentfernung in Z\u00fcrich - Kosmetikstudio in Z\u00fcrich | Backstage Beauty | Haarentfernung\" \/>\n<meta property=\"og:description\" content=\"[vc_row el_class=&#8221;services_heading&#8221;][vc_column][vc_column_text el_class=&#8221;custom_heading_borderwith_out_double custom_heading_pragraph_new&#8221; css=&#8221;.vc_custom_1590665544152{padding-top: 0px !important;}&#8221;] IHREN TERMIN K\u00d6NNEN SIE JETZT AUCH GANZ EINFACH ONLINE BUCHEN. WIR FREUEN UNS AUF SIE! [\/vc_column_text][vc_column_text css=&#8221;.vc_custom_1590665553886{padding-top: 20px !important;padding-bottom: 20px !important;}&#8221; el_class=&#8221;custom_heading_pragraph_new&#8221;] SUGARING \u2013 HAARENTFERNUNG IN Z\u00dcRICH [\/vc_column_text][vc_column_text css=&#8221;.vc_custom_1590665563583{padding-top: 20px !important;padding-bottom: 20px !important;}&#8221; el_class=&#8221;custom_heading_pragraph_new&#8221;] Sugaring ist eine Haarentfernungstechnik,...\" \/>\n<meta property=\"og:url\" content=\"https:\/\/backstagebeauty.ch\/en\/haarentfernung-zuerich\/sugaring-haarentfernung-in-zuerich\/\" \/>\n<meta property=\"og:site_name\" content=\"Kosmetikstudio in Z\u00fcrich | Backstage Beauty | Haarentfernung\" \/>\n<meta name=\"twitter:card\" content=\"summary_large_image\" \/>\n<meta name=\"twitter:label1\" content=\"Est. reading time\" \/>\n\t<meta name=\"twitter:data1\" content=\"4 minutes\" \/>\n<script type=\"application\/ld+json\" class=\"yoast-schema-graph\">{\"@context\":\"https:\/\/schema.org\",\"@graph\":[{\"@type\":\"WebPage\",\"@id\":\"https:\/\/backstagebeauty.ch\/en\/haarentfernung-zuerich\/sugaring-haarentfernung-in-zuerich\/\",\"url\":\"https:\/\/backstagebeauty.ch\/en\/haarentfernung-zuerich\/sugaring-haarentfernung-in-zuerich\/\",\"name\":\"Sugaring \u2013 Haarentfernung in Z\u00fcrich - Kosmetikstudio in Z\u00fcrich | Backstage Beauty | Haarentfernung\",\"isPartOf\":{\"@id\":\"https:\/\/backstagebeauty.ch\/#website\"},\"datePublished\":\"2022-01-24T12:47:33+00:00\",\"dateModified\":\"2022-01-24T12:47:33+00:00\",\"breadcrumb\":{\"@id\":\"https:\/\/backstagebeauty.ch\/en\/haarentfernung-zuerich\/sugaring-haarentfernung-in-zuerich\/#breadcrumb\"},\"inLanguage\":\"en-US\",\"potentialAction\":[{\"@type\":\"ReadAction\",\"target\":[\"https:\/\/backstagebeauty.ch\/en\/haarentfernung-zuerich\/sugaring-haarentfernung-in-zuerich\/\"]}]},{\"@type\":\"BreadcrumbList\",\"@id\":\"https:\/\/backstagebeauty.ch\/en\/haarentfernung-zuerich\/sugaring-haarentfernung-in-zuerich\/#breadcrumb\",\"itemListElement\":[{\"@type\":\"ListItem\",\"position\":1,\"name\":\"Startseite\",\"item\":\"https:\/\/backstagebeauty.ch\/en\/\"},{\"@type\":\"ListItem\",\"position\":2,\"name\":\"Hair Removal\",\"item\":\"https:\/\/backstagebeauty.ch\/en\/haarentfernung-zuerich\/\"},{\"@type\":\"ListItem\",\"position\":3,\"name\":\"Sugaring \u2013 Haarentfernung in Z\u00fcrich\"}]},{\"@type\":\"WebSite\",\"@id\":\"https:\/\/backstagebeauty.ch\/#website\",\"url\":\"https:\/\/backstagebeauty.ch\/\",\"name\":\"Kosmetikstudio in Z\u00fcrich | Backstage Beauty | Haarentfernung\",\"description\":\"Eine weitere WordPress-Website\",\"potentialAction\":[{\"@type\":\"SearchAction\",\"target\":{\"@type\":\"EntryPoint\",\"urlTemplate\":\"https:\/\/backstagebeauty.ch\/?s={search_term_string}\"},\"query-input\":\"required name=search_term_string\"}],\"inLanguage\":\"en-US\"}]}<\/script>\n<!-- \/ Yoast SEO plugin. -->","yoast_head_json":{"title":"Sugaring \u2013 Haarentfernung in Z\u00fcrich - Kosmetikstudio in Z\u00fcrich | Backstage Beauty | Haarentfernung","robots":{"index":"index","follow":"follow","max-snippet":"max-snippet:-1","max-image-preview":"max-image-preview:large","max-video-preview":"max-video-preview:-1"},"canonical":"https:\/\/backstagebeauty.ch\/en\/haarentfernung-zuerich\/sugaring-haarentfernung-in-zuerich\/","og_locale":"en_US","og_type":"article","og_title":"Sugaring \u2013 Haarentfernung in Z\u00fcrich - Kosmetikstudio in Z\u00fcrich | Backstage Beauty | Haarentfernung","og_description":"[vc_row el_class=&#8221;services_heading&#8221;][vc_column][vc_column_text el_class=&#8221;custom_heading_borderwith_out_double custom_heading_pragraph_new&#8221; css=&#8221;.vc_custom_1590665544152{padding-top: 0px !important;}&#8221;] IHREN TERMIN K\u00d6NNEN SIE JETZT AUCH GANZ EINFACH ONLINE BUCHEN. WIR FREUEN UNS AUF SIE! [\/vc_column_text][vc_column_text css=&#8221;.vc_custom_1590665553886{padding-top: 20px !important;padding-bottom: 20px !important;}&#8221; el_class=&#8221;custom_heading_pragraph_new&#8221;] SUGARING \u2013 HAARENTFERNUNG IN Z\u00dcRICH [\/vc_column_text][vc_column_text css=&#8221;.vc_custom_1590665563583{padding-top: 20px !important;padding-bottom: 20px !important;}&#8221; el_class=&#8221;custom_heading_pragraph_new&#8221;] Sugaring ist eine Haarentfernungstechnik,...","og_url":"https:\/\/backstagebeauty.ch\/en\/haarentfernung-zuerich\/sugaring-haarentfernung-in-zuerich\/","og_site_name":"Kosmetikstudio in Z\u00fcrich | Backstage Beauty | Haarentfernung","twitter_card":"summary_large_image","twitter_misc":{"Est. reading time":"4 minutes"},"schema":{"@context":"https:\/\/schema.org","@graph":[{"@type":"WebPage","@id":"https:\/\/backstagebeauty.ch\/en\/haarentfernung-zuerich\/sugaring-haarentfernung-in-zuerich\/","url":"https:\/\/backstagebeauty.ch\/en\/haarentfernung-zuerich\/sugaring-haarentfernung-in-zuerich\/","name":"Sugaring \u2013 Haarentfernung in Z\u00fcrich - Kosmetikstudio in Z\u00fcrich | Backstage Beauty | Haarentfernung","isPartOf":{"@id":"https:\/\/backstagebeauty.ch\/#website"},"datePublished":"2022-01-24T12:47:33+00:00","dateModified":"2022-01-24T12:47:33+00:00","breadcrumb":{"@id":"https:\/\/backstagebeauty.ch\/en\/haarentfernung-zuerich\/sugaring-haarentfernung-in-zuerich\/#breadcrumb"},"inLanguage":"en-US","potentialAction":[{"@type":"ReadAction","target":["https:\/\/backstagebeauty.ch\/en\/haarentfernung-zuerich\/sugaring-haarentfernung-in-zuerich\/"]}]},{"@type":"BreadcrumbList","@id":"https:\/\/backstagebeauty.ch\/en\/haarentfernung-zuerich\/sugaring-haarentfernung-in-zuerich\/#breadcrumb","itemListElement":[{"@type":"ListItem","position":1,"name":"Startseite","item":"https:\/\/backstagebeauty.ch\/en\/"},{"@type":"ListItem","position":2,"name":"Hair Removal","item":"https:\/\/backstagebeauty.ch\/en\/haarentfernung-zuerich\/"},{"@type":"ListItem","position":3,"name":"Sugaring \u2013 Haarentfernung in Z\u00fcrich"}]},{"@type":"WebSite","@id":"https:\/\/backstagebeauty.ch\/#website","url":"https:\/\/backstagebeauty.ch\/","name":"Kosmetikstudio in Z\u00fcrich | Backstage Beauty | Haarentfernung","description":"Eine weitere WordPress-Website","potentialAction":[{"@type":"SearchAction","target":{"@type":"EntryPoint","urlTemplate":"https:\/\/backstagebeauty.ch\/?s={search_term_string}"},"query-input":"required name=search_term_string"}],"inLanguage":"en-US"}]}},"_links":{"self":[{"href":"https:\/\/backstagebeauty.ch\/en\/wp-json\/wp\/v2\/pages\/4484"}],"collection":[{"href":"https:\/\/backstagebeauty.ch\/en\/wp-json\/wp\/v2\/pages"}],"about":[{"href":"https:\/\/backstagebeauty.ch\/en\/wp-json\/wp\/v2\/types\/page"}],"author":[{"embeddable":true,"href":"https:\/\/backstagebeauty.ch\/en\/wp-json\/wp\/v2\/users\/2"}],"replies":[{"embeddable":true,"href":"https:\/\/backstagebeauty.ch\/en\/wp-json\/wp\/v2\/comments?post=4484"}],"version-history":[{"count":1,"href":"https:\/\/backstagebeauty.ch\/en\/wp-json\/wp\/v2\/pages\/4484\/revisions"}],"predecessor-version":[{"id":4485,"href":"https:\/\/backstagebeauty.ch\/en\/wp-json\/wp\/v2\/pages\/4484\/revisions\/4485"}],"up":[{"embeddable":true,"href":"https:\/\/backstagebeauty.ch\/en\/wp-json\/wp\/v2\/pages\/4472"}],"wp:attachment":[{"href":"https:\/\/backstagebeauty.ch\/en\/wp-json\/wp\/v2\/media?parent=4484"}],"curies":[{"name":"wp","href":"https:\/\/api.w.org\/{rel}","templated":true}]}}