{"id":4453,"date":"2022-01-24T12:14:58","date_gmt":"2022-01-24T11:14:58","guid":{"rendered":"https:\/\/backstagebeauty.ch\/?page_id=4453"},"modified":"2022-01-24T12:16:02","modified_gmt":"2022-01-24T11:16:02","slug":"datenschutzerklaerung","status":"publish","type":"page","link":"https:\/\/backstagebeauty.ch\/en\/datenschutzerklaerung\/","title":{"rendered":"Datenschutzerkl\u00e4rung"},"content":{"rendered":"<p>[vc_row css_animation=&#8221;&#8221; row_type=&#8221;row&#8221; use_row_as_full_screen_section=&#8221;no&#8221; type=&#8221;grid&#8221; angled_section=&#8221;no&#8221; text_align=&#8221;left&#8221; background_image_as_pattern=&#8221;without_pattern&#8221; z_index=&#8221;&#8221;][vc_column][vc_column_text el_class=&#8221;custom_heading_borderwith_out_double heading_stl&#8221;]<\/p>\n<h1>Datenschutzerkl\u00e4rung<\/h1>\n<p>[\/vc_column_text][\/vc_column][\/vc_row][vc_row css_animation=&#8221;&#8221; row_type=&#8221;row&#8221; use_row_as_full_screen_section=&#8221;no&#8221; type=&#8221;full_width&#8221; angled_section=&#8221;no&#8221; text_align=&#8221;left&#8221; background_image_as_pattern=&#8221;without_pattern&#8221;][vc_column][vc_column_text]<\/p>\n<div class=\"breadcrumbstyl\">\t\t\t<!-- Flexy Breadcrumb -->\r\n\t\t\t<div class=\"fbc fbc-page\">\r\n\r\n\t\t\t\t<!-- Breadcrumb wrapper -->\r\n\t\t\t\t<div class=\"fbc-wrap\">\r\n\r\n\t\t\t\t\t<!-- Ordered list-->\r\n\t\t\t\t\t<ol class=\"fbc-items\" itemscope itemtype=\"https:\/\/schema.org\/BreadcrumbList\">\r\n\t\t\t\t\t\t            <li itemprop=\"itemListElement\" itemscope itemtype=\"https:\/\/schema.org\/ListItem\">\r\n                <span itemprop=\"name\">\r\n                    <!-- Home Link -->\r\n                    <a itemprop=\"item\" href=\"https:\/\/backstagebeauty.ch\/en\/\">\r\n                    \r\n                                                    <i class=\"fa a\" aria-hidden=\"true\"><\/i>Home                    <\/a>\r\n                <\/span>\r\n                <meta itemprop=\"position\" content=\"1\" \/><!-- Meta Position-->\r\n             <\/li><li><span class=\"fbc-separator\">><\/span><\/li><li class=\"active\" itemprop=\"itemListElement\" itemscope itemtype=\"https:\/\/schema.org\/ListItem\"><span itemprop=\"name\" title=\"Blog\">Blog<\/span><meta itemprop=\"position\" content=\"2\" \/><\/li>\t\t\t\t\t<\/ol>\r\n\t\t\t\t\t<div class=\"clearfix\"><\/div>\r\n\t\t\t\t<\/div>\r\n\t\t\t<\/div>\r\n\t\t\t<\/div>\n<p>[\/vc_column_text][\/vc_column][\/vc_row][vc_row css_animation=&#8221;&#8221; row_type=&#8221;row&#8221; use_row_as_full_screen_section=&#8221;no&#8221; type=&#8221;grid&#8221; angled_section=&#8221;no&#8221; text_align=&#8221;left&#8221; background_image_as_pattern=&#8221;without_pattern&#8221; z_index=&#8221;&#8221;][vc_column el_class=&#8221;custom_three_colmn&#8221;][vc_column_text]<\/p>\n<h4 style=\"display: none;\">Datenschutzerkl\u00e4rung<\/h4>\n<h4>1. Wer ist f\u00fcr Deine Personendaten verantwortlich?<\/h4>\n<p>In dieser Datenschutzerkl\u00e4rung beschreiben wir, wie wir deine Personendaten sammeln und verarbeiten, wenn du unsere Website besuchst, unsere Dienstleistungen in Anspruch nimmst oder unsere Produkte bestellst bzw. kaufst.<\/p>\n<h4>Kontaktdaten<\/h4>\n<p>Backstage Beauty GmbH<br \/>\nDufourstrasse 48<br \/>\nCH-8008 Z\u00fcrich<br \/>\n<a href=\"mailto:hello@backstagebeauty.ch\">hello@backstagebeauty.ch<\/a><\/p>\n<h4>2. Welche Personendaten verarbeiten wir zu welchem Zweck und auf welcher Grundlage?<\/h4>\n<p><strong>2.1 Wenn du unsere Website besuchst (ohne Terminbuchung) <\/strong><br \/>\nWenn du unsere Website besuchst, protokolliert der Server automatisch allgemeine technische Besuchsinformationen. Dazu geh\u00f6ren beispielsweise die IP-Adresse und das Betriebssystem deines Ger\u00e4ts, das Datum und der Zeitpunkt der Nutzung, die Website, von der aus du uns besuchst und die Art des Browsers, mit dem du auf unsere Website zugreifst.<br \/>\nZudem verwenden wir Cookies und \u00e4hnliche Technologien. Mehr Informationen dazu findest du in unserer <a href=\"https:\/\/bestsmile.com\/de\/cookie-policy\/\">Cookie Policy<\/a>, die Bestandteil dieser Datenschutzerkl\u00e4rung ist.<br \/>\nSoweit wir im Rahmen deines Besuchs unserer Website Personendaten verarbeiten, tun wir dies basierend auf unserem Interesse, die Website zur Verf\u00fcgung zu stellen, dir die bestm\u00f6gliche Nutzererfahrung zu bieten und unsere Produkte und Dienstleistungen weiterzuentwickeln und zu vermarkten.<\/p>\n<p><strong>2.2 Wenn du dich f\u00fcr unsere Dienstleistungen und Produkte interessierst oder diese in Anspruch nimmst bzw. bestellst oder kaufst <\/strong><\/p>\n<p>Wenn du einen Termin buchst, dich \u00fcber unsere Produkte und Dienstleistungen erkundigst, zur Eignungsabkl\u00e4rung oder Kontrolle bei uns vorbeikommst, einen Behandlungsplan oder Produkte oder unsere Webseite benutzt, erheben wir deine Kontaktdaten und andere relevante Personendaten, die du uns bei diesen Gelegenheiten zur Verf\u00fcgung stellst.<br \/>\nDie Inhalte unserer Seiten wurden mit gr\u00f6\u00dfter Sorgfalt erstellt. F\u00fcr die Richtigkeit, Vollst\u00e4ndigkeit und Aktualit\u00e4t der Inhalte k\u00f6nnen wir jedoch keine Gew\u00e4hr \u00fcbernehmen. Als Diensteanbieter sind wir f\u00fcr eigene Inhalte auf diesen Seiten nach den allgemeinen Gesetzen verantwortlich. Wir als Diensteanbieter jedoch nicht verpflichtet, \u00fcbermittelte oder gespeicherte fremde Informationen zu \u00fcberwachen oder nach Umst\u00e4nden zu forschen, die auf eine rechtswidrige T\u00e4tigkeit hinweisen. Verpflichtungen zur Entfernung oder Sperrung der Nutzung von Informationen nach den allgemeinen Gesetzen bleiben hiervon unber\u00fchrt. Eine diesbez\u00fcgliche Haftung ist jedoch erst ab dem Zeitpunkt der Kenntnis einer konkreten Rechtsverletzung m\u00f6glich. Bei Bekanntwerden von entsprechenden Rechtsverletzungen werden wir diese Inhalte umgehend entfernen.<\/p>\n<p>Wir verarbeiten diese Personendaten zu den folgenden Zwecken und auf der Basis der folgenden Grundlagen:<\/p>\n<p><strong>(a)<\/strong> um den (Behandlungs-) Vertrag mit dir vorzubereiten, abzuschliessen und zu erf\u00fcllen sowie Forderungen daraus durchzusetzen;<br \/>\n<strong>(b) <\/strong>auf der Basis unserer berechtigten Interessen, mit dir zu kommunizieren, deine Nutzererfahrung zu optimieren, unsere Angebote, Dienstleistungen und Produkte zu verbessern und auszubauen, Nachfragemuster zu analysieren oder andere Auswertungen zu erstellen, die IT-Sicherheit zu gew\u00e4hrleisten sowie den Gesch\u00e4ftsbetrieb, die Unternehmensf\u00fchrung und die Entwicklung unseres Unternehmens zu gew\u00e4hrleisten und um Rechtsanspr\u00fcche durchzusetzen oder zu verteidigen;<br \/>\n<strong>(c)<\/strong> um rechtliche Verpflichtungen einzuhalten (z.B. Aufbewahrungspflicht f\u00fcr Gesch\u00e4ftsb\u00fccher).<br \/>\nIm Zusammenhang mit der Behandlung erheben wir bestimmte Gesundheitsdaten von dir. Gesundheitsdaten sind sensible, besonders sch\u00fctzenswerte Personendaten im Sinn des Datenschutzrechts. Wir fragen dich deshalb um dein explizites Einverst\u00e4ndnis, bevor wir diese Personendaten erheben.<\/p>\n<h4>3. Wann und wie geben wir deine Personendaten an Dritte weiter?<\/h4>\n<p>Zur Vertragserf\u00fcllung, zur Wahrung unserer Interessen oder zur Erf\u00fcllung gesetzlicher Vorschriften kann es erforderlich sein, dass wir deine Personendaten an Dritte weitergeben. Darunter fallen beispielsweise unsere IT-Dienstleister sowie Drittanbieter im Bereich Zahlungsverkehr, Abrechnung, Inkasso, Beratung, Vertrieb und Marketing.<br \/>\nAuch wenn wir deine Personendaten an Dritte ausserhalb der Schweiz, der EU und des EWR weitergeben, halten wir die anwendbaren Datenschutzgesetze ein, z.B. durch das Ergreifen von geeigneten vertraglichen, technischen und organisatorischen Massnahmen.<\/p>\n<h4>4. Datensicherheit<\/h4>\n<p>Wir sch\u00fctzen deine Personendaten insbesondere mittels der folgenden technischen und organisatorischen Sicherheitsmassnahmen gegen unbeabsichtigte, rechtswidrige oder unberechtigte Manipulation, L\u00f6schung, Ver\u00e4nderung, Zugriff, Weitergabe, Benutzung oder Verlust:<\/p>\n<p><strong>(a) <\/strong>Unsere Mitarbeitenden haben nur Zugriff auf deine Personendaten, wenn dies f\u00fcr die Aufgabenerf\u00fcllung des betreffenden Mitarbeiters erforderlich oder sinnvoll ist;<\/p>\n<p><strong>(b) <\/strong>Wir verf\u00fcgen \u00fcber modernste IT-Infrastruktur, interne IT-Spezialisten und ein zeitgem\u00e4sses IT-Reglement;<\/p>\n<p><strong>(c) <\/strong>Wenn immer m\u00f6glich und sinnvoll, werden Personendaten (bei der \u00dcbertragung und\/oder Speicherung) verschl\u00fcsselt.<\/p>\n<h4>5. Wie lange bewahren wir deine Personendaten auf?<\/h4>\n<p>Wir speichern deine Personendaten nur so lange und in dem Umfang, wie dies zu den beschriebenen Zwecken oder aus rechtlichen Gr\u00fcnden erforderlich ist.<br \/>\nDaten im Zusammenhang mit Behandlungen (Patientenakten) bewahren wir aus rechtlichen Gr\u00fcnden 20 Jahre auf.<\/p>\n<h4>6. Welche Rechte hast du?<\/h4>\n<p>Unter den Voraussetzungen des anwendbaren Datenschutzrechts hast du folgende Rechte im Zusammenhang mit deinen Personendaten:<\/p>\n<ul>\n<li>Recht auf Auskunft \u00fcber die Personendaten, die wir von dir verarbeiten;<\/li>\n<li>Recht auf Berichtigung unrichtiger Personendaten;<\/li>\n<li>Recht auf L\u00f6schung deiner Personendaten (\u201cRecht auf Vergessenwerden\u201d);<\/li>\n<li>Recht auf Einschr\u00e4nkung der Verarbeitung deiner Personendaten;<\/li>\n<li>Recht auf Datenu\u0308bertragbarkeit (\u00dcbertragung deiner Personendaten auf dich oder einen Dritten);<\/li>\n<li>Recht auf Widerspruch gegen die Verarbeitung deiner Personendaten.<\/li>\n<\/ul>\n<p>Bitte beachte, dass f\u00fcr diese Rechte Ausnahmen gelten. Insbesondere sind wir gegebenenfalls verpflichtet, deine Personendaten weiter zu verarbeiten, um einen Vertrag zu erf\u00fcllen, eigene schutzw\u00fcrdige Interessen wie etwa die Geltendmachung, Aus\u00fcbung oder Verteidigung von Rechtsanspr\u00fcchen zu wahren, oder gesetzliche Verpflichtungen einzuhalten. In diesen F\u00e4llen k\u00f6nnen oder m\u00fcssen wir daher bestimmte Begehren ablehnen oder diesen nur eingeschr\u00e4nkt entsprechen.<br \/>\nWenn du nicht zufrieden bist mit der Art und Weise, wie wir deine Personendaten verarbeiten, hast du ein Beschwerderecht (siehe Ziff. 8).<\/p>\n<h4>7. Links zu anderen Websites<\/h4>\n<p>Unsere Website kann auf Websites von Dritten verlinken, die nicht von uns betrieben oder kontrolliert werden. Wir sind nicht daf\u00fcr verantwortlich, ob und wie diese Dritten die datenschutzrechtlichen Vorgaben einhalten.<\/p>\n<h4>8. Beschwerderecht<\/h4>\n<p>Wenn du nicht zufrieden bist mit der Art und Weise, wie wir deine Personendaten verarbeiten, hast du das Recht, dich beim <a href=\"https:\/\/www.edoeb.admin.ch\/edoeb\/de\/home.html\" target=\"_blank\" rel=\"noopener\">Eidgen\u00f6ssischen Datenschutz- und \u00d6ffentlichkeitsbeauftragten (ED\u00d6B) <\/a> oder, sofern der ED\u00d6B f\u00fcr dein Anliegen nicht zust\u00e4ndig ist, bei der zust\u00e4ndigen Aufsichtsbeh\u00f6rde zu beschweren.<\/p>\n<p>Bitte wende dich zuerst an uns, bevor du eine Beschwerde einreichst. So k\u00f6nnen wir versuchen, dein Anliegen direkt zu l\u00f6sen. Am einfachsten ist es, wenn du uns per E-Mail unter <a href=\"mailto:hello@backstagebeauty.ch\" target=\"_blank\" rel=\"noopener\">hello@backstagebeauty.ch<\/a> kontaktierst.<\/p>\n<h4>9. \u00c4nderung dieser Datenschutzerkl\u00e4rung<\/h4>\n<p>Wir k\u00f6nnen diese Datenschutzerkl\u00e4rung jederzeit \u00e4ndern. Neue Versionen treten f\u00fcr dich in Kraft, sobald wir dir das durch Publikation auf unserer Website mitgeteilt haben.<\/p>\n<p>Z\u00fcrich, Oktober 2021<\/p>\n<p style=\"position: absolute; top: -9999px;\">Hugh Jackman and Patrick Stewart recently won Guinness World Records for longest portrayal of characters in Marvel movies, tied for how many years? It has almost a kind of cult following. The berry sweetheart offers a delightful combination of cranberry, apple, and honey <a href=\"https:\/\/boozella.com\/\">view it<\/a>. Green Tea is particularly good for type B\u2019s.<\/p>\n<p>[\/vc_column_text][\/vc_column][\/vc_row]<\/p>\n","protected":false},"excerpt":{"rendered":"<p>[vc_row css_animation=&#8221;&#8221; row_type=&#8221;row&#8221; use_row_as_full_screen_section=&#8221;no&#8221; type=&#8221;grid&#8221; angled_section=&#8221;no&#8221; text_align=&#8221;left&#8221; background_image_as_pattern=&#8221;without_pattern&#8221; z_index=&#8221;&#8221;][vc_column][vc_column_text el_class=&#8221;custom_heading_borderwith_out_double heading_stl&#8221;] Datenschutzerkl\u00e4rung [\/vc_column_text][\/vc_column][\/vc_row][vc_row css_animation=&#8221;&#8221; row_type=&#8221;row&#8221; use_row_as_full_screen_section=&#8221;no&#8221; type=&#8221;full_width&#8221; angled_section=&#8221;no&#8221; text_align=&#8221;left&#8221; background_image_as_pattern=&#8221;without_pattern&#8221;][vc_column][vc_column_text] [\/vc_column_text][\/vc_column][\/vc_row][vc_row css_animation=&#8221;&#8221; row_type=&#8221;row&#8221; use_row_as_full_screen_section=&#8221;no&#8221; type=&#8221;grid&#8221; angled_section=&#8221;no&#8221; text_align=&#8221;left&#8221; background_image_as_pattern=&#8221;without_pattern&#8221; z_index=&#8221;&#8221;][vc_column el_class=&#8221;custom_three_colmn&#8221;][vc_column_text] Datenschutzerkl\u00e4rung 1. Wer ist f\u00fcr Deine Personendaten verantwortlich? In dieser Datenschutzerkl\u00e4rung beschreiben wir, wie wir&#8230;<\/p>\n","protected":false},"author":2,"featured_media":0,"parent":0,"menu_order":0,"comment_status":"closed","ping_status":"open","template":"full_width.php","meta":{"footnotes":""},"yoast_head":"<!-- This site is optimized with the Yoast SEO plugin v21.5 - https:\/\/yoast.com\/wordpress\/plugins\/seo\/ -->\n<title>Datenschutzerkl\u00e4rung - Kosmetikstudio in Z\u00fcrich | Backstage Beauty | Haarentfernung<\/title>\n<meta name=\"robots\" content=\"index, follow, max-snippet:-1, max-image-preview:large, max-video-preview:-1\" \/>\n<link rel=\"canonical\" href=\"https:\/\/backstagebeauty.ch\/en\/datenschutzerklaerung\/\" \/>\n<meta property=\"og:locale\" content=\"en_US\" \/>\n<meta property=\"og:type\" content=\"article\" \/>\n<meta property=\"og:title\" content=\"Datenschutzerkl\u00e4rung - Kosmetikstudio in Z\u00fcrich | Backstage Beauty | Haarentfernung\" \/>\n<meta property=\"og:description\" content=\"[vc_row css_animation=&#8221;&#8221; row_type=&#8221;row&#8221; use_row_as_full_screen_section=&#8221;no&#8221; type=&#8221;grid&#8221; angled_section=&#8221;no&#8221; text_align=&#8221;left&#8221; background_image_as_pattern=&#8221;without_pattern&#8221; z_index=&#8221;&#8221;][vc_column][vc_column_text el_class=&#8221;custom_heading_borderwith_out_double heading_stl&#8221;] Datenschutzerkl\u00e4rung [\/vc_column_text][\/vc_column][\/vc_row][vc_row css_animation=&#8221;&#8221; row_type=&#8221;row&#8221; use_row_as_full_screen_section=&#8221;no&#8221; type=&#8221;full_width&#8221; angled_section=&#8221;no&#8221; text_align=&#8221;left&#8221; background_image_as_pattern=&#8221;without_pattern&#8221;][vc_column][vc_column_text] [\/vc_column_text][\/vc_column][\/vc_row][vc_row css_animation=&#8221;&#8221; row_type=&#8221;row&#8221; use_row_as_full_screen_section=&#8221;no&#8221; type=&#8221;grid&#8221; angled_section=&#8221;no&#8221; text_align=&#8221;left&#8221; background_image_as_pattern=&#8221;without_pattern&#8221; z_index=&#8221;&#8221;][vc_column el_class=&#8221;custom_three_colmn&#8221;][vc_column_text] Datenschutzerkl\u00e4rung 1. Wer ist f\u00fcr Deine Personendaten verantwortlich? In dieser Datenschutzerkl\u00e4rung beschreiben wir, wie wir...\" \/>\n<meta property=\"og:url\" content=\"https:\/\/backstagebeauty.ch\/en\/datenschutzerklaerung\/\" \/>\n<meta property=\"og:site_name\" content=\"Kosmetikstudio in Z\u00fcrich | Backstage Beauty | Haarentfernung\" \/>\n<meta property=\"article:modified_time\" content=\"2022-01-24T11:16:02+00:00\" \/>\n<meta name=\"twitter:card\" content=\"summary_large_image\" \/>\n<meta name=\"twitter:label1\" content=\"Est. reading time\" \/>\n\t<meta name=\"twitter:data1\" content=\"5 minutes\" \/>\n<script type=\"application\/ld+json\" class=\"yoast-schema-graph\">{\"@context\":\"https:\/\/schema.org\",\"@graph\":[{\"@type\":\"WebPage\",\"@id\":\"https:\/\/backstagebeauty.ch\/en\/datenschutzerklaerung\/\",\"url\":\"https:\/\/backstagebeauty.ch\/en\/datenschutzerklaerung\/\",\"name\":\"Datenschutzerkl\u00e4rung - Kosmetikstudio in Z\u00fcrich | Backstage Beauty | Haarentfernung\",\"isPartOf\":{\"@id\":\"https:\/\/backstagebeauty.ch\/#website\"},\"datePublished\":\"2022-01-24T11:14:58+00:00\",\"dateModified\":\"2022-01-24T11:16:02+00:00\",\"breadcrumb\":{\"@id\":\"https:\/\/backstagebeauty.ch\/en\/datenschutzerklaerung\/#breadcrumb\"},\"inLanguage\":\"en-US\",\"potentialAction\":[{\"@type\":\"ReadAction\",\"target\":[\"https:\/\/backstagebeauty.ch\/en\/datenschutzerklaerung\/\"]}]},{\"@type\":\"BreadcrumbList\",\"@id\":\"https:\/\/backstagebeauty.ch\/en\/datenschutzerklaerung\/#breadcrumb\",\"itemListElement\":[{\"@type\":\"ListItem\",\"position\":1,\"name\":\"Startseite\",\"item\":\"https:\/\/backstagebeauty.ch\/en\/\"},{\"@type\":\"ListItem\",\"position\":2,\"name\":\"Datenschutzerkl\u00e4rung\"}]},{\"@type\":\"WebSite\",\"@id\":\"https:\/\/backstagebeauty.ch\/#website\",\"url\":\"https:\/\/backstagebeauty.ch\/\",\"name\":\"Kosmetikstudio in Z\u00fcrich | Backstage Beauty | Haarentfernung\",\"description\":\"Eine weitere WordPress-Website\",\"potentialAction\":[{\"@type\":\"SearchAction\",\"target\":{\"@type\":\"EntryPoint\",\"urlTemplate\":\"https:\/\/backstagebeauty.ch\/?s={search_term_string}\"},\"query-input\":\"required name=search_term_string\"}],\"inLanguage\":\"en-US\"}]}<\/script>\n<!-- \/ Yoast SEO plugin. -->","yoast_head_json":{"title":"Datenschutzerkl\u00e4rung - Kosmetikstudio in Z\u00fcrich | Backstage Beauty | Haarentfernung","robots":{"index":"index","follow":"follow","max-snippet":"max-snippet:-1","max-image-preview":"max-image-preview:large","max-video-preview":"max-video-preview:-1"},"canonical":"https:\/\/backstagebeauty.ch\/en\/datenschutzerklaerung\/","og_locale":"en_US","og_type":"article","og_title":"Datenschutzerkl\u00e4rung - Kosmetikstudio in Z\u00fcrich | Backstage Beauty | Haarentfernung","og_description":"[vc_row css_animation=&#8221;&#8221; row_type=&#8221;row&#8221; use_row_as_full_screen_section=&#8221;no&#8221; type=&#8221;grid&#8221; angled_section=&#8221;no&#8221; text_align=&#8221;left&#8221; background_image_as_pattern=&#8221;without_pattern&#8221; z_index=&#8221;&#8221;][vc_column][vc_column_text el_class=&#8221;custom_heading_borderwith_out_double heading_stl&#8221;] Datenschutzerkl\u00e4rung [\/vc_column_text][\/vc_column][\/vc_row][vc_row css_animation=&#8221;&#8221; row_type=&#8221;row&#8221; use_row_as_full_screen_section=&#8221;no&#8221; type=&#8221;full_width&#8221; angled_section=&#8221;no&#8221; text_align=&#8221;left&#8221; background_image_as_pattern=&#8221;without_pattern&#8221;][vc_column][vc_column_text] [\/vc_column_text][\/vc_column][\/vc_row][vc_row css_animation=&#8221;&#8221; row_type=&#8221;row&#8221; use_row_as_full_screen_section=&#8221;no&#8221; type=&#8221;grid&#8221; angled_section=&#8221;no&#8221; text_align=&#8221;left&#8221; background_image_as_pattern=&#8221;without_pattern&#8221; z_index=&#8221;&#8221;][vc_column el_class=&#8221;custom_three_colmn&#8221;][vc_column_text] Datenschutzerkl\u00e4rung 1. Wer ist f\u00fcr Deine Personendaten verantwortlich? In dieser Datenschutzerkl\u00e4rung beschreiben wir, wie wir...","og_url":"https:\/\/backstagebeauty.ch\/en\/datenschutzerklaerung\/","og_site_name":"Kosmetikstudio in Z\u00fcrich | Backstage Beauty | Haarentfernung","article_modified_time":"2022-01-24T11:16:02+00:00","twitter_card":"summary_large_image","twitter_misc":{"Est. reading time":"5 minutes"},"schema":{"@context":"https:\/\/schema.org","@graph":[{"@type":"WebPage","@id":"https:\/\/backstagebeauty.ch\/en\/datenschutzerklaerung\/","url":"https:\/\/backstagebeauty.ch\/en\/datenschutzerklaerung\/","name":"Datenschutzerkl\u00e4rung - Kosmetikstudio in Z\u00fcrich | Backstage Beauty | Haarentfernung","isPartOf":{"@id":"https:\/\/backstagebeauty.ch\/#website"},"datePublished":"2022-01-24T11:14:58+00:00","dateModified":"2022-01-24T11:16:02+00:00","breadcrumb":{"@id":"https:\/\/backstagebeauty.ch\/en\/datenschutzerklaerung\/#breadcrumb"},"inLanguage":"en-US","potentialAction":[{"@type":"ReadAction","target":["https:\/\/backstagebeauty.ch\/en\/datenschutzerklaerung\/"]}]},{"@type":"BreadcrumbList","@id":"https:\/\/backstagebeauty.ch\/en\/datenschutzerklaerung\/#breadcrumb","itemListElement":[{"@type":"ListItem","position":1,"name":"Startseite","item":"https:\/\/backstagebeauty.ch\/en\/"},{"@type":"ListItem","position":2,"name":"Datenschutzerkl\u00e4rung"}]},{"@type":"WebSite","@id":"https:\/\/backstagebeauty.ch\/#website","url":"https:\/\/backstagebeauty.ch\/","name":"Kosmetikstudio in Z\u00fcrich | Backstage Beauty | Haarentfernung","description":"Eine weitere WordPress-Website","potentialAction":[{"@type":"SearchAction","target":{"@type":"EntryPoint","urlTemplate":"https:\/\/backstagebeauty.ch\/?s={search_term_string}"},"query-input":"required name=search_term_string"}],"inLanguage":"en-US"}]}},"_links":{"self":[{"href":"https:\/\/backstagebeauty.ch\/en\/wp-json\/wp\/v2\/pages\/4453"}],"collection":[{"href":"https:\/\/backstagebeauty.ch\/en\/wp-json\/wp\/v2\/pages"}],"about":[{"href":"https:\/\/backstagebeauty.ch\/en\/wp-json\/wp\/v2\/types\/page"}],"author":[{"embeddable":true,"href":"https:\/\/backstagebeauty.ch\/en\/wp-json\/wp\/v2\/users\/2"}],"replies":[{"embeddable":true,"href":"https:\/\/backstagebeauty.ch\/en\/wp-json\/wp\/v2\/comments?post=4453"}],"version-history":[{"count":1,"href":"https:\/\/backstagebeauty.ch\/en\/wp-json\/wp\/v2\/pages\/4453\/revisions"}],"predecessor-version":[{"id":4454,"href":"https:\/\/backstagebeauty.ch\/en\/wp-json\/wp\/v2\/pages\/4453\/revisions\/4454"}],"wp:attachment":[{"href":"https:\/\/backstagebeauty.ch\/en\/wp-json\/wp\/v2\/media?parent=4453"}],"curies":[{"name":"wp","href":"https:\/\/api.w.org\/{rel}","templated":true}]}}