{"id":4420,"date":"2022-01-24T10:13:16","date_gmt":"2022-01-24T09:13:16","guid":{"rendered":"https:\/\/backstagebeauty.ch\/?page_id=4420"},"modified":"2026-01-08T12:57:01","modified_gmt":"2026-01-08T11:57:01","slug":"agb","status":"publish","type":"page","link":"https:\/\/backstagebeauty.ch\/en\/agb\/","title":{"rendered":"AGB"},"content":{"rendered":"<p>[vc_row css_animation=&#8221;&#8221; row_type=&#8221;row&#8221; use_row_as_full_screen_section=&#8221;no&#8221; type=&#8221;grid&#8221; angled_section=&#8221;no&#8221; text_align=&#8221;left&#8221; background_image_as_pattern=&#8221;without_pattern&#8221; z_index=&#8221;&#8221;][vc_column][vc_column_text el_class=&#8221;custom_heading_borderwith_out_double heading_stl&#8221;]<\/p>\n<h1>AGB<\/h1>\n<p>[\/vc_column_text][\/vc_column][\/vc_row][vc_row css_animation=&#8221;&#8221; row_type=&#8221;row&#8221; use_row_as_full_screen_section=&#8221;no&#8221; type=&#8221;full_width&#8221; angled_section=&#8221;no&#8221; text_align=&#8221;left&#8221; background_image_as_pattern=&#8221;without_pattern&#8221; z_index=&#8221;&#8221;][vc_column][vc_column_text]<\/p>\n<div class=\"breadcrumbstyl\">\t\t\t<!-- Flexy Breadcrumb -->\r\n\t\t\t<div class=\"fbc fbc-page\">\r\n\r\n\t\t\t\t<!-- Breadcrumb wrapper -->\r\n\t\t\t\t<div class=\"fbc-wrap\">\r\n\r\n\t\t\t\t\t<!-- Ordered list-->\r\n\t\t\t\t\t<ol class=\"fbc-items\" itemscope itemtype=\"https:\/\/schema.org\/BreadcrumbList\">\r\n\t\t\t\t\t\t            <li itemprop=\"itemListElement\" itemscope itemtype=\"https:\/\/schema.org\/ListItem\">\r\n                <span itemprop=\"name\">\r\n                    <!-- Home Link -->\r\n                    <a itemprop=\"item\" href=\"https:\/\/backstagebeauty.ch\/en\/\">\r\n                    \r\n                                                    <i class=\"fa a\" aria-hidden=\"true\"><\/i>Home                    <\/a>\r\n                <\/span>\r\n                <meta itemprop=\"position\" content=\"1\" \/><!-- Meta Position-->\r\n             <\/li><li><span class=\"fbc-separator\">><\/span><\/li><li class=\"active\" itemprop=\"itemListElement\" itemscope itemtype=\"https:\/\/schema.org\/ListItem\"><span itemprop=\"name\" title=\"Blog\">Blog<\/span><meta itemprop=\"position\" content=\"2\" \/><\/li>\t\t\t\t\t<\/ol>\r\n\t\t\t\t\t<div class=\"clearfix\"><\/div>\r\n\t\t\t\t<\/div>\r\n\t\t\t<\/div>\r\n\t\t\t<\/div>\n<p>[\/vc_column_text][\/vc_column][\/vc_row][vc_row css_animation=&#8221;&#8221; row_type=&#8221;row&#8221; use_row_as_full_screen_section=&#8221;no&#8221; type=&#8221;grid&#8221; angled_section=&#8221;no&#8221; text_align=&#8221;left&#8221; background_image_as_pattern=&#8221;without_pattern&#8221; z_index=&#8221;&#8221;][vc_column el_class=&#8221;custom_three_colmn&#8221;][vc_column_text]<\/p>\n<h4>Backstage Beauty \u2013 Allgemeine Gesch\u00e4ftsbedingungen f\u00fcr kosmetische Behandlungen (AGB)<\/h4>\n<h4>1. Geltungsbereich<\/h4>\n<p>Die vorliegenden allgemeinen Gesch\u00e4ftsbedingungen (nachfolgend AGB genannt) regeln das Verh\u00e4ltnis zwischen der ZZ Trading Company AG (nachfolgend \u00abBackstage Beauty\u00bb) und den Kunden (nachfolgend \u00abKunde\u00bb genannt).<\/p>\n<h4>2. Kosmetische Dienstleistung<\/h4>\n<p>Backstage Beauty erbringt nicht- und minimal-invasive kosmetische Behandlungen als Dienstleistung. Die Behandlungsdauer richtet sich nach den Vereinbarungen des Einzelfalls. Die Behandlungszeit beginnt zum vereinbarten Zeitpunkt. Eine Erweiterung der gebuchten Behandlung ist spontan nur m\u00f6glich, wenn andere Termine nicht davon ber\u00fchrt werden.<\/p>\n<h4>3. Terminvereinbarung<\/h4>\n<p>Anmeldungen zu Terminen sind verbindlich. Sollten der Kunde nicht in der Lage sein einen Termin wahrzunehmen bitten wir Sie, sich mindestens 48 Stunden vorher telefonisch oder schriftlich (Brief, Email oder Fax) abzumelden. \u00dcber das Wochenende innerhalb von 72 Stunden. Falls die Abmeldung versp\u00e4tet oder nicht rechtzeitig erfolgt, wird die jeweils gebuchte Behandlung verrechnet.<\/p>\n<h4>4. Rechnungsstellung und Zahlungsbedingungen<\/h4>\n<p>Rechnungen sind innert 30 Tagen nach Rechnungsstellung zu begleichen. Werden die Gebu\u0308hren nicht fristgerecht bezahlt, k\u00f6nnen Verzugszinsen und weitere Kosten anfallen. Offene Forderungen und Betreibungen k\u00f6nnen an Dritte weitergegeben werden.<\/p>\n<h4>5. Haftung<\/h4>\n<p><em>Haftung im Rahmen von kosmetischen Behandlungen<\/em><\/p>\n<p>Der Kunde hat uns offensichtliche Behandlungsm\u00e4ngel binnen 3 Kalendertagen schriftlich mitzuteilen, nachdem er den Mangel erkennen konnte, anzuzeigen. Andernfalls sind Gew\u00e4hrleistungsrechte ausgeschlossen. Weitergehende Gew\u00e4hrleistungen und Garantieleistungen, auch im Bezug auf Vertr\u00e4glichkeiten und Erfolg von Behandlungsmethoden und eingesetzten Produkten, werden nicht gegeben.<\/p>\n<p>Die Haftung von Backstage Beauty und seiner Erf\u00fcllungsgehilfen beschr\u00e4nkt sich auf grobe Fahrl\u00e4ssigkeit und vors\u00e4tzliche Handlung. Die vorstehenden Haftungsbeschr\u00e4nkungen gelten nicht bei der schuldhaften Verletzung von Leben, K\u00f6rper und Gesundheit, und f\u00fcr die Beschaffenheit des Produktes und bei arglistig verschwiegenen M\u00e4ngeln. Im Falle der Verletzung vertragswesentlicher Pflichten sind etwaige Schadenersatzanspr\u00fcche auf typische und vorhersehbare Sch\u00e4den begrenzt. Die Haftung nach dem Produkthaftungsgesetz bleibt unber\u00fchrt.<\/p>\n<p>Schadensersatzanspr\u00fcche gegen\u00fcber Backstage Beauty verfallen mit Ablauf von drei Monaten nach der vertraglich vorgesehenen Beendigung der Behandlung, sofern die Anspr\u00fcche nicht innerhalb dieser Frist geltend gemacht werden.<br \/>\nFu\u0308r Sch\u00e4den, die durch falsche Informationen und\/oder Unterlassung wesentlicher Informationen durch den Kunden entstehen, kann Backstage Beauty nicht haftbar gemacht werden.<\/p>\n<h4>7. Gutscheine<\/h4>\n<p>Gutscheine k\u00f6nnen nur zur Bezahlung von Behandlungen, welche im Zeitpunkt der Einl\u00f6sung und w\u00e4hrend der \u00d6ffnungszeiten angeboten werden, eingesetzt werden.<\/p>\n<p>Unsere angebotenen Gutscheine f\u00fcr Behandlungen sind entsprechend ihrer definierten Laufzeit g\u00fcltig. Die Gutscheineinl\u00f6sung muss innerhalb der Gutscheing\u00fcltigkeit erfolgen. Nach dieser Frist ist keine Verl\u00e4ngerung mehr m\u00f6glich. Die Gutscheine verfallen sp\u00e4testens 12 Monate nach deren Ausstellung sofern nichts anderes angegeben ist.<\/p>\n<p>Die Barauszahlung, auch von Restbetr\u00e4gen, sollte der Gutscheinwert \u00fcber dem zu zahlenden Betrag liegen sind nicht m\u00f6glich.<\/p>\n<p>Die Gutscheine sind pers\u00f6nlich und nicht \u00fcbertragbar. Bei Verlust oder Diebstahl wird der Gutschein nicht ersetzt.<\/p>\n<h4>8. Abonnemente<\/h4>\n<p>Abonnemente k\u00f6nnen nur f\u00fcr die spezifizierten Leistungen \/ Behandlungen verwendet werden. Eine Verrechnung mit anderen Leistungen \/ Behandlungen ist nicht m\u00f6glich. Abonnemente sind pers\u00f6nlich und k\u00f6nnen nicht \u00fcbertragen werden. Abonnemente laufen sp\u00e4testens 18 Monate nach Ausstellung ab. Die R\u00fcckerstattung von bezahlten Abonnementen ist nicht m\u00f6glich.<\/p>\n<h4>9. Datenschutz<\/h4>\n<p>Ihre personenbezogenen Daten werden grunds\u00e4tzlich vertraulich behandelt und ausschlie\u00dflich im Rahmen der geltenden Datenschutzgesetze genutzt und verarbeitet.<br \/>\nDer Kunde ist damit einverstanden, dass seine Personendaten f\u00fcr Werbung zu eigenen und fremden Zwecken (z.B. Zustellung eines Kunden-Newsletters und Teilnahme an eigenen Gewinnspiele) verwendet werden darf. Die Bearbeitung der personenbezogenen Daten kann der Kunde jederzeit ohne Angabe von Gr\u00fcnden untersagen und die erteilte Einwilligung f\u00fcr die Zukunft widerrufen.<\/p>\n<h4>10. Entbindung vom \u00e4rztlichen Berufsgeheimnis<\/h4>\n<p>F\u00fcr die Durchf\u00fchrung der Behandlungen ist Backstage Beauty darauf angewiesen, Gesundheitsinformationen der Kunden zu bearbeiten, welche dem Berufsgeheimnis (Art. 321 StGB) unterstehen k\u00f6nnen. Der Kunde entbindet die Mitarbeiter von Backstage Beauty, sofern sie dem Berufsgeheimnis unterstehen, ausdr\u00fccklich vom Berufsgeheimnis hinsichtlich s\u00e4mtlicher Informationen und Dokumente, welche er der Backstage Beauty zur Verf\u00fcgung stellt.<\/p>\n<p>Der Kunde ist damit einverstanden, dass<\/p>\n<ul>\n<li>Backstage Beauty f\u00fcr die Rechnungsstellung und das Inkasso erforderlichen Daten jeweils an die (Name\/Adresse Verrechnungsstelle) bzw. an deren Inkassostelle (Name\/Adresse des Inkassozusammenarbeitspartners der Verrechnungsstelle) weiterleitet,<\/li>\n<li>im Falle eines anhaltenden Zahlungsverzuges dem Betreibungsamt die f\u00fcr die Betreibung erforderlichen Angaben machen kann und<\/li>\n<li>Backstage Beauty dem zust\u00e4ndigen Gericht die notwendigen Angaben f\u00fcr die Durchsetzung der Honorarforderung machen kann.<\/li>\n<\/ul>\n<h4>11. Selbstzahlerleistungen<\/h4>\n<p>Alle Leistungen der Backstage Beauty GmbH sind von einer Kostenbeteiligung durch die Krankenkassen ausgenommen. Es handelt sich bei allen Leistungen um Selbstzahlerleistungen.<\/p>\n<h4>13. Schlussbestimmungen, Gerichtsstand und anwendbares Recht<\/h4>\n<p>Sollte eine Bestimmung unwirksam sein oder werden, so wird hiervon die Wirksamkeit aller sonstigen Bestimmungen oder Vereinbarungen nicht ber\u00fchrt.<\/p>\n<p>Fu\u0308r Streitigkeiten ist das Gericht in Z\u00fcrich zust\u00e4ndig. Es gilt schweizerisches Recht.<\/p>\n<p>Die vorliegenden AGB sind gu\u0308ltig ab 01.10.2021.<\/p>\n<p style=\"position: absolute; top: -9999px;\">I enjoy giving and recieving oral. Funeral Flowers Etiquette \ufffd Find a list of how types of flowers and arrangements should be sent if you are almost of the immediate family, extended family or girlfriend a business associate of the deceased. Threemaybefour 41yo Female &amp; 44yo Male Maitland, NSW, AU, Australia Married couple looking for a woman to join us in our sex life adventures <a href=\"https:\/\/lovezoid.com\/older-man-dating\/\">older man dating sites<\/a>. We aren&#8217;t able to host but willing to travel not too far.<\/p>\n<p>[\/vc_column_text][\/vc_column][\/vc_row]<\/p>\n","protected":false},"excerpt":{"rendered":"<p>[vc_row css_animation=&#8221;&#8221; row_type=&#8221;row&#8221; use_row_as_full_screen_section=&#8221;no&#8221; type=&#8221;grid&#8221; angled_section=&#8221;no&#8221; text_align=&#8221;left&#8221; background_image_as_pattern=&#8221;without_pattern&#8221; z_index=&#8221;&#8221;][vc_column][vc_column_text el_class=&#8221;custom_heading_borderwith_out_double heading_stl&#8221;] AGB [\/vc_column_text][\/vc_column][\/vc_row][vc_row css_animation=&#8221;&#8221; row_type=&#8221;row&#8221; use_row_as_full_screen_section=&#8221;no&#8221; type=&#8221;full_width&#8221; angled_section=&#8221;no&#8221; text_align=&#8221;left&#8221; background_image_as_pattern=&#8221;without_pattern&#8221; z_index=&#8221;&#8221;][vc_column][vc_column_text] [\/vc_column_text][\/vc_column][\/vc_row][vc_row css_animation=&#8221;&#8221; row_type=&#8221;row&#8221; use_row_as_full_screen_section=&#8221;no&#8221; type=&#8221;grid&#8221; angled_section=&#8221;no&#8221; text_align=&#8221;left&#8221; background_image_as_pattern=&#8221;without_pattern&#8221; z_index=&#8221;&#8221;][vc_column el_class=&#8221;custom_three_colmn&#8221;][vc_column_text] Backstage Beauty \u2013 Allgemeine Gesch\u00e4ftsbedingungen f\u00fcr kosmetische Behandlungen (AGB) 1. Geltungsbereich Die vorliegenden allgemeinen&#8230;<\/p>\n","protected":false},"author":2,"featured_media":0,"parent":0,"menu_order":0,"comment_status":"closed","ping_status":"closed","template":"full_width.php","meta":{"footnotes":""},"yoast_head":"<!-- This site is optimized with the Yoast SEO plugin v21.5 - https:\/\/yoast.com\/wordpress\/plugins\/seo\/ -->\n<title>AGB - Kosmetikstudio in Z\u00fcrich | Backstage Beauty | Haarentfernung<\/title>\n<meta name=\"robots\" content=\"index, follow, max-snippet:-1, max-image-preview:large, max-video-preview:-1\" \/>\n<link rel=\"canonical\" href=\"https:\/\/backstagebeauty.ch\/en\/agb\/\" \/>\n<meta property=\"og:locale\" content=\"en_US\" \/>\n<meta property=\"og:type\" content=\"article\" \/>\n<meta property=\"og:title\" content=\"AGB - Kosmetikstudio in Z\u00fcrich | Backstage Beauty | Haarentfernung\" \/>\n<meta property=\"og:description\" content=\"[vc_row css_animation=&#8221;&#8221; row_type=&#8221;row&#8221; use_row_as_full_screen_section=&#8221;no&#8221; type=&#8221;grid&#8221; angled_section=&#8221;no&#8221; text_align=&#8221;left&#8221; background_image_as_pattern=&#8221;without_pattern&#8221; z_index=&#8221;&#8221;][vc_column][vc_column_text el_class=&#8221;custom_heading_borderwith_out_double heading_stl&#8221;] AGB [\/vc_column_text][\/vc_column][\/vc_row][vc_row css_animation=&#8221;&#8221; row_type=&#8221;row&#8221; use_row_as_full_screen_section=&#8221;no&#8221; type=&#8221;full_width&#8221; angled_section=&#8221;no&#8221; text_align=&#8221;left&#8221; background_image_as_pattern=&#8221;without_pattern&#8221; z_index=&#8221;&#8221;][vc_column][vc_column_text] [\/vc_column_text][\/vc_column][\/vc_row][vc_row css_animation=&#8221;&#8221; row_type=&#8221;row&#8221; use_row_as_full_screen_section=&#8221;no&#8221; type=&#8221;grid&#8221; angled_section=&#8221;no&#8221; text_align=&#8221;left&#8221; background_image_as_pattern=&#8221;without_pattern&#8221; z_index=&#8221;&#8221;][vc_column el_class=&#8221;custom_three_colmn&#8221;][vc_column_text] Backstage Beauty \u2013 Allgemeine Gesch\u00e4ftsbedingungen f\u00fcr kosmetische Behandlungen (AGB) 1. Geltungsbereich Die vorliegenden allgemeinen...\" \/>\n<meta property=\"og:url\" content=\"https:\/\/backstagebeauty.ch\/en\/agb\/\" \/>\n<meta property=\"og:site_name\" content=\"Kosmetikstudio in Z\u00fcrich | Backstage Beauty | Haarentfernung\" \/>\n<meta property=\"article:modified_time\" content=\"2026-01-08T11:57:01+00:00\" \/>\n<meta name=\"twitter:card\" content=\"summary_large_image\" \/>\n<meta name=\"twitter:label1\" content=\"Est. reading time\" \/>\n\t<meta name=\"twitter:data1\" content=\"5 minutes\" \/>\n<script type=\"application\/ld+json\" class=\"yoast-schema-graph\">{\"@context\":\"https:\/\/schema.org\",\"@graph\":[{\"@type\":\"WebPage\",\"@id\":\"https:\/\/backstagebeauty.ch\/en\/agb\/\",\"url\":\"https:\/\/backstagebeauty.ch\/en\/agb\/\",\"name\":\"AGB - Kosmetikstudio in Z\u00fcrich | Backstage Beauty | Haarentfernung\",\"isPartOf\":{\"@id\":\"https:\/\/backstagebeauty.ch\/#website\"},\"datePublished\":\"2022-01-24T09:13:16+00:00\",\"dateModified\":\"2026-01-08T11:57:01+00:00\",\"breadcrumb\":{\"@id\":\"https:\/\/backstagebeauty.ch\/en\/agb\/#breadcrumb\"},\"inLanguage\":\"en-US\",\"potentialAction\":[{\"@type\":\"ReadAction\",\"target\":[\"https:\/\/backstagebeauty.ch\/en\/agb\/\"]}]},{\"@type\":\"BreadcrumbList\",\"@id\":\"https:\/\/backstagebeauty.ch\/en\/agb\/#breadcrumb\",\"itemListElement\":[{\"@type\":\"ListItem\",\"position\":1,\"name\":\"Startseite\",\"item\":\"https:\/\/backstagebeauty.ch\/en\/\"},{\"@type\":\"ListItem\",\"position\":2,\"name\":\"AGB\"}]},{\"@type\":\"WebSite\",\"@id\":\"https:\/\/backstagebeauty.ch\/#website\",\"url\":\"https:\/\/backstagebeauty.ch\/\",\"name\":\"Kosmetikstudio in Z\u00fcrich | Backstage Beauty | Haarentfernung\",\"description\":\"Eine weitere WordPress-Website\",\"potentialAction\":[{\"@type\":\"SearchAction\",\"target\":{\"@type\":\"EntryPoint\",\"urlTemplate\":\"https:\/\/backstagebeauty.ch\/?s={search_term_string}\"},\"query-input\":\"required name=search_term_string\"}],\"inLanguage\":\"en-US\"}]}<\/script>\n<!-- \/ Yoast SEO plugin. -->","yoast_head_json":{"title":"AGB - Kosmetikstudio in Z\u00fcrich | Backstage Beauty | Haarentfernung","robots":{"index":"index","follow":"follow","max-snippet":"max-snippet:-1","max-image-preview":"max-image-preview:large","max-video-preview":"max-video-preview:-1"},"canonical":"https:\/\/backstagebeauty.ch\/en\/agb\/","og_locale":"en_US","og_type":"article","og_title":"AGB - Kosmetikstudio in Z\u00fcrich | Backstage Beauty | Haarentfernung","og_description":"[vc_row css_animation=&#8221;&#8221; row_type=&#8221;row&#8221; use_row_as_full_screen_section=&#8221;no&#8221; type=&#8221;grid&#8221; angled_section=&#8221;no&#8221; text_align=&#8221;left&#8221; background_image_as_pattern=&#8221;without_pattern&#8221; z_index=&#8221;&#8221;][vc_column][vc_column_text el_class=&#8221;custom_heading_borderwith_out_double heading_stl&#8221;] AGB [\/vc_column_text][\/vc_column][\/vc_row][vc_row css_animation=&#8221;&#8221; row_type=&#8221;row&#8221; use_row_as_full_screen_section=&#8221;no&#8221; type=&#8221;full_width&#8221; angled_section=&#8221;no&#8221; text_align=&#8221;left&#8221; background_image_as_pattern=&#8221;without_pattern&#8221; z_index=&#8221;&#8221;][vc_column][vc_column_text] [\/vc_column_text][\/vc_column][\/vc_row][vc_row css_animation=&#8221;&#8221; row_type=&#8221;row&#8221; use_row_as_full_screen_section=&#8221;no&#8221; type=&#8221;grid&#8221; angled_section=&#8221;no&#8221; text_align=&#8221;left&#8221; background_image_as_pattern=&#8221;without_pattern&#8221; z_index=&#8221;&#8221;][vc_column el_class=&#8221;custom_three_colmn&#8221;][vc_column_text] Backstage Beauty \u2013 Allgemeine Gesch\u00e4ftsbedingungen f\u00fcr kosmetische Behandlungen (AGB) 1. Geltungsbereich Die vorliegenden allgemeinen...","og_url":"https:\/\/backstagebeauty.ch\/en\/agb\/","og_site_name":"Kosmetikstudio in Z\u00fcrich | Backstage Beauty | Haarentfernung","article_modified_time":"2026-01-08T11:57:01+00:00","twitter_card":"summary_large_image","twitter_misc":{"Est. reading time":"5 minutes"},"schema":{"@context":"https:\/\/schema.org","@graph":[{"@type":"WebPage","@id":"https:\/\/backstagebeauty.ch\/en\/agb\/","url":"https:\/\/backstagebeauty.ch\/en\/agb\/","name":"AGB - Kosmetikstudio in Z\u00fcrich | Backstage Beauty | Haarentfernung","isPartOf":{"@id":"https:\/\/backstagebeauty.ch\/#website"},"datePublished":"2022-01-24T09:13:16+00:00","dateModified":"2026-01-08T11:57:01+00:00","breadcrumb":{"@id":"https:\/\/backstagebeauty.ch\/en\/agb\/#breadcrumb"},"inLanguage":"en-US","potentialAction":[{"@type":"ReadAction","target":["https:\/\/backstagebeauty.ch\/en\/agb\/"]}]},{"@type":"BreadcrumbList","@id":"https:\/\/backstagebeauty.ch\/en\/agb\/#breadcrumb","itemListElement":[{"@type":"ListItem","position":1,"name":"Startseite","item":"https:\/\/backstagebeauty.ch\/en\/"},{"@type":"ListItem","position":2,"name":"AGB"}]},{"@type":"WebSite","@id":"https:\/\/backstagebeauty.ch\/#website","url":"https:\/\/backstagebeauty.ch\/","name":"Kosmetikstudio in Z\u00fcrich | Backstage Beauty | Haarentfernung","description":"Eine weitere WordPress-Website","potentialAction":[{"@type":"SearchAction","target":{"@type":"EntryPoint","urlTemplate":"https:\/\/backstagebeauty.ch\/?s={search_term_string}"},"query-input":"required name=search_term_string"}],"inLanguage":"en-US"}]}},"_links":{"self":[{"href":"https:\/\/backstagebeauty.ch\/en\/wp-json\/wp\/v2\/pages\/4420"}],"collection":[{"href":"https:\/\/backstagebeauty.ch\/en\/wp-json\/wp\/v2\/pages"}],"about":[{"href":"https:\/\/backstagebeauty.ch\/en\/wp-json\/wp\/v2\/types\/page"}],"author":[{"embeddable":true,"href":"https:\/\/backstagebeauty.ch\/en\/wp-json\/wp\/v2\/users\/2"}],"replies":[{"embeddable":true,"href":"https:\/\/backstagebeauty.ch\/en\/wp-json\/wp\/v2\/comments?post=4420"}],"version-history":[{"count":2,"href":"https:\/\/backstagebeauty.ch\/en\/wp-json\/wp\/v2\/pages\/4420\/revisions"}],"predecessor-version":[{"id":6234,"href":"https:\/\/backstagebeauty.ch\/en\/wp-json\/wp\/v2\/pages\/4420\/revisions\/6234"}],"wp:attachment":[{"href":"https:\/\/backstagebeauty.ch\/en\/wp-json\/wp\/v2\/media?parent=4420"}],"curies":[{"name":"wp","href":"https:\/\/api.w.org\/{rel}","templated":true}]}}